{"id":150,"date":"2020-04-14T07:08:34","date_gmt":"2020-04-14T07:08:34","guid":{"rendered":"http:\/\/amica.kosmetik-badwaldsee.de\/?page_id=150"},"modified":"2024-03-16T15:09:49","modified_gmt":"2024-03-16T15:09:49","slug":"extra-haende","status":"publish","type":"page","link":"https:\/\/kosmetik-badwaldsee.de\/?page_id=150","title":{"rendered":"H\u00e4nde und F\u00fc\u00dfe"},"content":{"rendered":"\n<p>H\u00e4nde und F\u00fc\u00dfe sind unsere Aush\u00e4ngeschilder \u2013 besonders daran erkennt man eine gepflegte Person und macht einen guten ersten Eindruck. Daher bieten unsere Experten Ihnen eine besondere Auswahl an Manik\u00fcre und Fu\u00dfpflege in Bad Waldsee: Ob Kosmetische Fu\u00dfpflege oder Manik\u00fcre Deluxe mit Shellac. F\u00fcr Ihren perfekten ersten Eindruck.&nbsp;<\/p>\n\n\n\n<figure class=\"wp-block-table\"><table><tbody><tr><td>Manik\u00fcre<\/td><td>40\u20ac<\/td><\/tr><tr><td>Manik\u00fcre &amp; Lack<\/td><td>43\u20ac<\/td><\/tr><tr><td>Manik\u00fcre &amp; Shellac<\/td><td>59\u20ac<\/td><\/tr><tr><td>   + Paraffinbad<\/td><td>+ 25\u20ac<\/td><\/tr><tr><td><\/td><td><\/td><\/tr><tr><td>Kosmetische Fu\u00dfpflege<\/td><td>43\u20ac<\/td><\/tr><tr><td>Kosmetische Fu\u00dfpflege &amp; Lack<\/td><td>46\u20ac<\/td><\/tr><tr><td>Kosmetische Fu\u00dfpflege und Beinmassage<\/td><td>52\u20ac<\/td><\/tr><tr><td>Kosmetische Fu\u00dfpflege mit Shellac<\/td><td>68\u20ac<\/td><\/tr><tr><td>Pedik\u00fcre Deluxe<br>inkl. Fu\u00dfpeeling &amp; Fu\u00dfmassage mit Lack\u00a0<\/td><td><br>59\u20ac<\/td><\/tr><tr><td>+ Shellac<\/td><td>+ 20\u20ac<\/td><\/tr><tr><td><\/td><td><\/td><\/tr><tr><td>Zubuchbar zu jeder Behandlung: <\/td><td><\/td><\/tr><tr><td>Hand- \/ Fu\u00dfpeeling<\/td><td>8\u20ac<\/td><\/tr><\/tbody><\/table><\/figure>\n\n\n\n<p>Buchen Sie jetzt Ihren Termin f\u00fcr Manik\u00fcre und Pedik\u00fcre in Bad Waldsee!&nbsp;<\/p>\n\n\n\n<p>Sie m\u00f6chten auch haarfrei gepflegt aussehen und sich in seidig glatter Haut wohlf\u00fchlen? Sehen Sie sich auch unsere Extras rund um das Thema <a href=\"https:\/\/kosmetik-badwaldsee.de\/?page_id=153\">Enthaarung<\/a>&nbsp;an!<\/p>\n","protected":false},"excerpt":{"rendered":"<p>H\u00e4nde und F\u00fc\u00dfe sind unsere Aush\u00e4ngeschilder \u2013 besonders daran erkennt man eine gepflegte Person und macht einen guten ersten Eindruck. Daher bieten unsere Experten Ihnen eine besondere Auswahl an Manik\u00fcre und Fu\u00dfpflege in Bad Waldsee: Ob Kosmetische Fu\u00dfpflege oder Manik\u00fcre Deluxe mit Shellac. F\u00fcr Ihren perfekten ersten Eindruck.&nbsp; Manik\u00fcre 40\u20ac Manik\u00fcre &amp; Lack 43\u20ac Manik\u00fcre [&hellip;]<\/p>\n","protected":false},"author":1,"featured_media":29,"parent":59,"menu_order":0,"comment_status":"closed","ping_status":"closed","template":"","meta":{"_mi_skip_tracking":false},"yoast_head":"<!-- This site is optimized with the Yoast SEO plugin v20.1 - https:\/\/yoast.com\/wordpress\/plugins\/seo\/ -->\n<title>Manik\u00fcre und Fu\u00dfpflege - Kosmetik Bad Waldsee<\/title>\n<meta name=\"description\" content=\"Professionelle Manik\u00fcre und Fu\u00dfpflege in Bad Waldsee - f\u00fcr ein stets gepflegtes Erscheinungsbild, mit dem Sie sich rundum wohl f\u00fchlen. Jetzt Termin vereinbaren!\" \/>\n<meta name=\"robots\" content=\"index, follow, max-snippet:-1, max-image-preview:large, max-video-preview:-1\" \/>\n<link rel=\"canonical\" href=\"https:\/\/kosmetik-badwaldsee.de\/?page_id=150\" \/>\n<meta property=\"og:locale\" content=\"de_DE\" \/>\n<meta property=\"og:type\" content=\"article\" \/>\n<meta property=\"og:title\" content=\"Manik\u00fcre und Fu\u00dfpflege - Kosmetik Bad Waldsee\" \/>\n<meta property=\"og:description\" content=\"Professionelle Manik\u00fcre und Fu\u00dfpflege in Bad Waldsee - f\u00fcr ein stets gepflegtes Erscheinungsbild, mit dem Sie sich rundum wohl f\u00fchlen. Jetzt Termin vereinbaren!\" \/>\n<meta property=\"og:url\" content=\"https:\/\/kosmetik-badwaldsee.de\/?page_id=150\" \/>\n<meta property=\"og:site_name\" content=\"Kosmetik Bad Waldsee\" \/>\n<meta property=\"article:modified_time\" content=\"2024-03-16T15:09:49+00:00\" \/>\n<meta property=\"og:image\" content=\"https:\/\/kosmetik-badwaldsee.de\/wp-content\/uploads\/2020\/04\/Fotolia_147947655_S.jpg\" \/>\n\t<meta property=\"og:image:width\" content=\"852\" \/>\n\t<meta property=\"og:image:height\" content=\"563\" \/>\n\t<meta property=\"og:image:type\" content=\"image\/jpeg\" \/>\n<meta name=\"twitter:card\" content=\"summary_large_image\" \/>\n<meta name=\"twitter:label1\" content=\"Gesch\u00e4tzte Lesezeit\" \/>\n\t<meta name=\"twitter:data1\" content=\"1\u00a0Minute\" \/>\n<script type=\"application\/ld+json\" class=\"yoast-schema-graph\">{\"@context\":\"https:\/\/schema.org\",\"@graph\":[{\"@type\":\"WebPage\",\"@id\":\"https:\/\/kosmetik-badwaldsee.de\/?page_id=150\",\"url\":\"https:\/\/kosmetik-badwaldsee.de\/?page_id=150\",\"name\":\"Manik\u00fcre und Fu\u00dfpflege - Kosmetik Bad Waldsee\",\"isPartOf\":{\"@id\":\"https:\/\/kosmetik-badwaldsee.de\/#website\"},\"datePublished\":\"2020-04-14T07:08:34+00:00\",\"dateModified\":\"2024-03-16T15:09:49+00:00\",\"description\":\"Professionelle Manik\u00fcre und Fu\u00dfpflege in Bad Waldsee - f\u00fcr ein stets gepflegtes Erscheinungsbild, mit dem Sie sich rundum wohl f\u00fchlen. Jetzt Termin vereinbaren!\",\"breadcrumb\":{\"@id\":\"https:\/\/kosmetik-badwaldsee.de\/?page_id=150#breadcrumb\"},\"inLanguage\":\"de\",\"potentialAction\":[{\"@type\":\"ReadAction\",\"target\":[\"https:\/\/kosmetik-badwaldsee.de\/?page_id=150\"]}]},{\"@type\":\"BreadcrumbList\",\"@id\":\"https:\/\/kosmetik-badwaldsee.de\/?page_id=150#breadcrumb\",\"itemListElement\":[{\"@type\":\"ListItem\",\"position\":1,\"name\":\"Startseite\",\"item\":\"https:\/\/kosmetik-badwaldsee.de\/\"},{\"@type\":\"ListItem\",\"position\":2,\"name\":\"K\u00f6rperpflege\",\"item\":\"https:\/\/kosmetik-badwaldsee.de\/?page_id=59\"},{\"@type\":\"ListItem\",\"position\":3,\"name\":\"H\u00e4nde und F\u00fc\u00dfe\"}]},{\"@type\":\"WebSite\",\"@id\":\"https:\/\/kosmetik-badwaldsee.de\/#website\",\"url\":\"https:\/\/kosmetik-badwaldsee.de\/\",\"name\":\"Kosmetik Bad Waldsee\",\"description\":\"\",\"publisher\":{\"@id\":\"https:\/\/kosmetik-badwaldsee.de\/#organization\"},\"potentialAction\":[{\"@type\":\"SearchAction\",\"target\":{\"@type\":\"EntryPoint\",\"urlTemplate\":\"https:\/\/kosmetik-badwaldsee.de\/?s={search_term_string}\"},\"query-input\":\"required name=search_term_string\"}],\"inLanguage\":\"de\"},{\"@type\":\"Organization\",\"@id\":\"https:\/\/kosmetik-badwaldsee.de\/#organization\",\"name\":\"Kosmetik Bad Waldsee\",\"url\":\"https:\/\/kosmetik-badwaldsee.de\/\",\"logo\":{\"@type\":\"ImageObject\",\"inLanguage\":\"de\",\"@id\":\"https:\/\/kosmetik-badwaldsee.de\/#\/schema\/logo\/image\/\",\"url\":\"https:\/\/kosmetik-badwaldsee.de\/wp-content\/uploads\/2020\/04\/Amica_Bittel_2c.jpg\",\"contentUrl\":\"https:\/\/kosmetik-badwaldsee.de\/wp-content\/uploads\/2020\/04\/Amica_Bittel_2c.jpg\",\"width\":1392,\"height\":630,\"caption\":\"Kosmetik Bad Waldsee\"},\"image\":{\"@id\":\"https:\/\/kosmetik-badwaldsee.de\/#\/schema\/logo\/image\/\"}}]}<\/script>\n<!-- \/ Yoast SEO plugin. -->","yoast_head_json":{"title":"Manik\u00fcre und Fu\u00dfpflege - Kosmetik Bad Waldsee","description":"Professionelle Manik\u00fcre und Fu\u00dfpflege in Bad Waldsee - f\u00fcr ein stets gepflegtes Erscheinungsbild, mit dem Sie sich rundum wohl f\u00fchlen. Jetzt Termin vereinbaren!","robots":{"index":"index","follow":"follow","max-snippet":"max-snippet:-1","max-image-preview":"max-image-preview:large","max-video-preview":"max-video-preview:-1"},"canonical":"https:\/\/kosmetik-badwaldsee.de\/?page_id=150","og_locale":"de_DE","og_type":"article","og_title":"Manik\u00fcre und Fu\u00dfpflege - Kosmetik Bad Waldsee","og_description":"Professionelle Manik\u00fcre und Fu\u00dfpflege in Bad Waldsee - f\u00fcr ein stets gepflegtes Erscheinungsbild, mit dem Sie sich rundum wohl f\u00fchlen. Jetzt Termin vereinbaren!","og_url":"https:\/\/kosmetik-badwaldsee.de\/?page_id=150","og_site_name":"Kosmetik Bad Waldsee","article_modified_time":"2024-03-16T15:09:49+00:00","og_image":[{"width":852,"height":563,"url":"https:\/\/kosmetik-badwaldsee.de\/wp-content\/uploads\/2020\/04\/Fotolia_147947655_S.jpg","type":"image\/jpeg"}],"twitter_card":"summary_large_image","twitter_misc":{"Gesch\u00e4tzte Lesezeit":"1\u00a0Minute"},"schema":{"@context":"https:\/\/schema.org","@graph":[{"@type":"WebPage","@id":"https:\/\/kosmetik-badwaldsee.de\/?page_id=150","url":"https:\/\/kosmetik-badwaldsee.de\/?page_id=150","name":"Manik\u00fcre und Fu\u00dfpflege - Kosmetik Bad Waldsee","isPartOf":{"@id":"https:\/\/kosmetik-badwaldsee.de\/#website"},"datePublished":"2020-04-14T07:08:34+00:00","dateModified":"2024-03-16T15:09:49+00:00","description":"Professionelle Manik\u00fcre und Fu\u00dfpflege in Bad Waldsee - f\u00fcr ein stets gepflegtes Erscheinungsbild, mit dem Sie sich rundum wohl f\u00fchlen. Jetzt Termin vereinbaren!","breadcrumb":{"@id":"https:\/\/kosmetik-badwaldsee.de\/?page_id=150#breadcrumb"},"inLanguage":"de","potentialAction":[{"@type":"ReadAction","target":["https:\/\/kosmetik-badwaldsee.de\/?page_id=150"]}]},{"@type":"BreadcrumbList","@id":"https:\/\/kosmetik-badwaldsee.de\/?page_id=150#breadcrumb","itemListElement":[{"@type":"ListItem","position":1,"name":"Startseite","item":"https:\/\/kosmetik-badwaldsee.de\/"},{"@type":"ListItem","position":2,"name":"K\u00f6rperpflege","item":"https:\/\/kosmetik-badwaldsee.de\/?page_id=59"},{"@type":"ListItem","position":3,"name":"H\u00e4nde und F\u00fc\u00dfe"}]},{"@type":"WebSite","@id":"https:\/\/kosmetik-badwaldsee.de\/#website","url":"https:\/\/kosmetik-badwaldsee.de\/","name":"Kosmetik Bad Waldsee","description":"","publisher":{"@id":"https:\/\/kosmetik-badwaldsee.de\/#organization"},"potentialAction":[{"@type":"SearchAction","target":{"@type":"EntryPoint","urlTemplate":"https:\/\/kosmetik-badwaldsee.de\/?s={search_term_string}"},"query-input":"required name=search_term_string"}],"inLanguage":"de"},{"@type":"Organization","@id":"https:\/\/kosmetik-badwaldsee.de\/#organization","name":"Kosmetik Bad Waldsee","url":"https:\/\/kosmetik-badwaldsee.de\/","logo":{"@type":"ImageObject","inLanguage":"de","@id":"https:\/\/kosmetik-badwaldsee.de\/#\/schema\/logo\/image\/","url":"https:\/\/kosmetik-badwaldsee.de\/wp-content\/uploads\/2020\/04\/Amica_Bittel_2c.jpg","contentUrl":"https:\/\/kosmetik-badwaldsee.de\/wp-content\/uploads\/2020\/04\/Amica_Bittel_2c.jpg","width":1392,"height":630,"caption":"Kosmetik Bad Waldsee"},"image":{"@id":"https:\/\/kosmetik-badwaldsee.de\/#\/schema\/logo\/image\/"}}]}},"_links":{"self":[{"href":"https:\/\/kosmetik-badwaldsee.de\/index.php?rest_route=\/wp\/v2\/pages\/150"}],"collection":[{"href":"https:\/\/kosmetik-badwaldsee.de\/index.php?rest_route=\/wp\/v2\/pages"}],"about":[{"href":"https:\/\/kosmetik-badwaldsee.de\/index.php?rest_route=\/wp\/v2\/types\/page"}],"author":[{"embeddable":true,"href":"https:\/\/kosmetik-badwaldsee.de\/index.php?rest_route=\/wp\/v2\/users\/1"}],"replies":[{"embeddable":true,"href":"https:\/\/kosmetik-badwaldsee.de\/index.php?rest_route=%2Fwp%2Fv2%2Fcomments&post=150"}],"version-history":[{"count":6,"href":"https:\/\/kosmetik-badwaldsee.de\/index.php?rest_route=\/wp\/v2\/pages\/150\/revisions"}],"predecessor-version":[{"id":555,"href":"https:\/\/kosmetik-badwaldsee.de\/index.php?rest_route=\/wp\/v2\/pages\/150\/revisions\/555"}],"up":[{"embeddable":true,"href":"https:\/\/kosmetik-badwaldsee.de\/index.php?rest_route=\/wp\/v2\/pages\/59"}],"wp:featuredmedia":[{"embeddable":true,"href":"https:\/\/kosmetik-badwaldsee.de\/index.php?rest_route=\/wp\/v2\/media\/29"}],"wp:attachment":[{"href":"https:\/\/kosmetik-badwaldsee.de\/index.php?rest_route=%2Fwp%2Fv2%2Fmedia&parent=150"}],"curies":[{"name":"wp","href":"https:\/\/api.w.org\/{rel}","templated":true}]}}