{"id":153,"date":"2020-04-14T07:12:06","date_gmt":"2020-04-14T07:12:06","guid":{"rendered":"http:\/\/amica.kosmetik-badwaldsee.de\/?page_id=153"},"modified":"2025-12-02T12:34:55","modified_gmt":"2025-12-02T12:34:55","slug":"enthaarung","status":"publish","type":"page","link":"https:\/\/kosmetik-badwaldsee.de\/?page_id=153","title":{"rendered":"Enthaarung"},"content":{"rendered":"\n<p>Professionelle Enthaarung mit Warmwachs in Bad Waldsee. Spezielles Warmwachs entfernt auch feinste H\u00e4rchen und sorgt so f\u00fcr ein gepflegtes Erscheinungsbild und seidig glatte Haut.&nbsp;<\/p>\n\n\n\n<figure class=\"wp-block-table\"><table><tbody><tr><td>Gesicht<\/td><td>29\u20ac<\/td><\/tr><tr><td>Oberlippe <\/td><td>15\u20ac<\/td><\/tr><tr><td>Oberlippe und Kinn<\/td><td>20\u20ac<\/td><\/tr><tr><td>Beine bis Knie \/ Beine komplett<\/td><td>35\u20ac \/ 55\u20ac<\/td><\/tr><tr><td>Achseln<\/td><td>20\u20ac<\/td><\/tr><tr><td>Bikini klassisch \/ Bikini komplett&nbsp;<\/td><td>19\u20ac \/ 40\u20ac<\/td><\/tr><tr><td>Brust<\/td><td>40\u20ac<\/td><\/tr><tr><td>R\u00fccken<\/td><td>50\u20ac<\/td><\/tr><tr><td>Arme<\/td><td>27\u20ac<\/td><\/tr><\/tbody><\/table><\/figure>\n\n\n\n<p>Sie m\u00f6chten auch mit gepflegten H\u00e4nden und F\u00fc\u00dfen gl\u00e4nzen? Dann sehen Sie sich auch unsere Angebote zum Thema&nbsp;<a href=\"https:\/\/kosmetik-badwaldsee.de\/?page_id=150\">Fu\u00dfpflege \/ Manik\u00fcre \/ Pedik\u00fcre<\/a>&nbsp;an!<\/p>\n","protected":false},"excerpt":{"rendered":"<p>Professionelle Enthaarung mit Warmwachs in Bad Waldsee. Spezielles Warmwachs entfernt auch feinste H\u00e4rchen und sorgt so f\u00fcr ein gepflegtes Erscheinungsbild und seidig glatte Haut.&nbsp; Gesicht 29\u20ac Oberlippe 15\u20ac Oberlippe und Kinn 20\u20ac Beine bis Knie \/ Beine komplett 35\u20ac \/ 55\u20ac Achseln 20\u20ac Bikini klassisch \/ Bikini komplett&nbsp; 19\u20ac \/ 40\u20ac Brust 40\u20ac R\u00fccken 50\u20ac [&hellip;]<\/p>\n","protected":false},"author":1,"featured_media":29,"parent":59,"menu_order":0,"comment_status":"closed","ping_status":"closed","template":"","meta":{"_mi_skip_tracking":false},"yoast_head":"<!-- This site is optimized with the Yoast SEO plugin v20.1 - https:\/\/yoast.com\/wordpress\/plugins\/seo\/ -->\n<title>Professionelle Enthaarung mit Warmwachs - Kosmetik Bad Waldsee<\/title>\n<meta name=\"description\" content=\"Endlich l\u00e4nger glatte Beine - mit einer professionellen Enthaarung mit Warmwachs. Bereit f\u00fcr den Sommer? Jetzt Termin vereinbaren!\" \/>\n<meta name=\"robots\" content=\"index, follow, max-snippet:-1, max-image-preview:large, max-video-preview:-1\" \/>\n<link rel=\"canonical\" href=\"https:\/\/kosmetik-badwaldsee.de\/?page_id=153\" \/>\n<meta property=\"og:locale\" content=\"de_DE\" \/>\n<meta property=\"og:type\" content=\"article\" \/>\n<meta property=\"og:title\" content=\"Professionelle Enthaarung mit Warmwachs - Kosmetik Bad Waldsee\" \/>\n<meta property=\"og:description\" content=\"Endlich l\u00e4nger glatte Beine - mit einer professionellen Enthaarung mit Warmwachs. Bereit f\u00fcr den Sommer? Jetzt Termin vereinbaren!\" \/>\n<meta property=\"og:url\" content=\"https:\/\/kosmetik-badwaldsee.de\/?page_id=153\" \/>\n<meta property=\"og:site_name\" content=\"Kosmetik Bad Waldsee\" \/>\n<meta property=\"article:modified_time\" content=\"2025-12-02T12:34:55+00:00\" \/>\n<meta property=\"og:image\" content=\"https:\/\/kosmetik-badwaldsee.de\/wp-content\/uploads\/2020\/04\/Fotolia_147947655_S.jpg\" \/>\n\t<meta property=\"og:image:width\" content=\"852\" \/>\n\t<meta property=\"og:image:height\" content=\"563\" \/>\n\t<meta property=\"og:image:type\" content=\"image\/jpeg\" \/>\n<meta name=\"twitter:card\" content=\"summary_large_image\" \/>\n<meta name=\"twitter:label1\" content=\"Gesch\u00e4tzte Lesezeit\" \/>\n\t<meta name=\"twitter:data1\" content=\"1\u00a0Minute\" \/>\n<script type=\"application\/ld+json\" class=\"yoast-schema-graph\">{\"@context\":\"https:\/\/schema.org\",\"@graph\":[{\"@type\":\"WebPage\",\"@id\":\"https:\/\/kosmetik-badwaldsee.de\/?page_id=153\",\"url\":\"https:\/\/kosmetik-badwaldsee.de\/?page_id=153\",\"name\":\"Professionelle Enthaarung mit Warmwachs - Kosmetik Bad Waldsee\",\"isPartOf\":{\"@id\":\"https:\/\/kosmetik-badwaldsee.de\/#website\"},\"datePublished\":\"2020-04-14T07:12:06+00:00\",\"dateModified\":\"2025-12-02T12:34:55+00:00\",\"description\":\"Endlich l\u00e4nger glatte Beine - mit einer professionellen Enthaarung mit Warmwachs. Bereit f\u00fcr den Sommer? Jetzt Termin vereinbaren!\",\"breadcrumb\":{\"@id\":\"https:\/\/kosmetik-badwaldsee.de\/?page_id=153#breadcrumb\"},\"inLanguage\":\"de\",\"potentialAction\":[{\"@type\":\"ReadAction\",\"target\":[\"https:\/\/kosmetik-badwaldsee.de\/?page_id=153\"]}]},{\"@type\":\"BreadcrumbList\",\"@id\":\"https:\/\/kosmetik-badwaldsee.de\/?page_id=153#breadcrumb\",\"itemListElement\":[{\"@type\":\"ListItem\",\"position\":1,\"name\":\"Startseite\",\"item\":\"https:\/\/kosmetik-badwaldsee.de\/\"},{\"@type\":\"ListItem\",\"position\":2,\"name\":\"K\u00f6rperpflege\",\"item\":\"https:\/\/kosmetik-badwaldsee.de\/?page_id=59\"},{\"@type\":\"ListItem\",\"position\":3,\"name\":\"Enthaarung\"}]},{\"@type\":\"WebSite\",\"@id\":\"https:\/\/kosmetik-badwaldsee.de\/#website\",\"url\":\"https:\/\/kosmetik-badwaldsee.de\/\",\"name\":\"Kosmetik Bad Waldsee\",\"description\":\"\",\"publisher\":{\"@id\":\"https:\/\/kosmetik-badwaldsee.de\/#organization\"},\"potentialAction\":[{\"@type\":\"SearchAction\",\"target\":{\"@type\":\"EntryPoint\",\"urlTemplate\":\"https:\/\/kosmetik-badwaldsee.de\/?s={search_term_string}\"},\"query-input\":\"required name=search_term_string\"}],\"inLanguage\":\"de\"},{\"@type\":\"Organization\",\"@id\":\"https:\/\/kosmetik-badwaldsee.de\/#organization\",\"name\":\"Kosmetik Bad Waldsee\",\"url\":\"https:\/\/kosmetik-badwaldsee.de\/\",\"logo\":{\"@type\":\"ImageObject\",\"inLanguage\":\"de\",\"@id\":\"https:\/\/kosmetik-badwaldsee.de\/#\/schema\/logo\/image\/\",\"url\":\"https:\/\/kosmetik-badwaldsee.de\/wp-content\/uploads\/2020\/04\/Amica_Bittel_2c.jpg\",\"contentUrl\":\"https:\/\/kosmetik-badwaldsee.de\/wp-content\/uploads\/2020\/04\/Amica_Bittel_2c.jpg\",\"width\":1392,\"height\":630,\"caption\":\"Kosmetik Bad Waldsee\"},\"image\":{\"@id\":\"https:\/\/kosmetik-badwaldsee.de\/#\/schema\/logo\/image\/\"}}]}<\/script>\n<!-- \/ Yoast SEO plugin. -->","yoast_head_json":{"title":"Professionelle Enthaarung mit Warmwachs - Kosmetik Bad Waldsee","description":"Endlich l\u00e4nger glatte Beine - mit einer professionellen Enthaarung mit Warmwachs. Bereit f\u00fcr den Sommer? Jetzt Termin vereinbaren!","robots":{"index":"index","follow":"follow","max-snippet":"max-snippet:-1","max-image-preview":"max-image-preview:large","max-video-preview":"max-video-preview:-1"},"canonical":"https:\/\/kosmetik-badwaldsee.de\/?page_id=153","og_locale":"de_DE","og_type":"article","og_title":"Professionelle Enthaarung mit Warmwachs - Kosmetik Bad Waldsee","og_description":"Endlich l\u00e4nger glatte Beine - mit einer professionellen Enthaarung mit Warmwachs. Bereit f\u00fcr den Sommer? Jetzt Termin vereinbaren!","og_url":"https:\/\/kosmetik-badwaldsee.de\/?page_id=153","og_site_name":"Kosmetik Bad Waldsee","article_modified_time":"2025-12-02T12:34:55+00:00","og_image":[{"width":852,"height":563,"url":"https:\/\/kosmetik-badwaldsee.de\/wp-content\/uploads\/2020\/04\/Fotolia_147947655_S.jpg","type":"image\/jpeg"}],"twitter_card":"summary_large_image","twitter_misc":{"Gesch\u00e4tzte Lesezeit":"1\u00a0Minute"},"schema":{"@context":"https:\/\/schema.org","@graph":[{"@type":"WebPage","@id":"https:\/\/kosmetik-badwaldsee.de\/?page_id=153","url":"https:\/\/kosmetik-badwaldsee.de\/?page_id=153","name":"Professionelle Enthaarung mit Warmwachs - Kosmetik Bad Waldsee","isPartOf":{"@id":"https:\/\/kosmetik-badwaldsee.de\/#website"},"datePublished":"2020-04-14T07:12:06+00:00","dateModified":"2025-12-02T12:34:55+00:00","description":"Endlich l\u00e4nger glatte Beine - mit einer professionellen Enthaarung mit Warmwachs. Bereit f\u00fcr den Sommer? Jetzt Termin vereinbaren!","breadcrumb":{"@id":"https:\/\/kosmetik-badwaldsee.de\/?page_id=153#breadcrumb"},"inLanguage":"de","potentialAction":[{"@type":"ReadAction","target":["https:\/\/kosmetik-badwaldsee.de\/?page_id=153"]}]},{"@type":"BreadcrumbList","@id":"https:\/\/kosmetik-badwaldsee.de\/?page_id=153#breadcrumb","itemListElement":[{"@type":"ListItem","position":1,"name":"Startseite","item":"https:\/\/kosmetik-badwaldsee.de\/"},{"@type":"ListItem","position":2,"name":"K\u00f6rperpflege","item":"https:\/\/kosmetik-badwaldsee.de\/?page_id=59"},{"@type":"ListItem","position":3,"name":"Enthaarung"}]},{"@type":"WebSite","@id":"https:\/\/kosmetik-badwaldsee.de\/#website","url":"https:\/\/kosmetik-badwaldsee.de\/","name":"Kosmetik Bad Waldsee","description":"","publisher":{"@id":"https:\/\/kosmetik-badwaldsee.de\/#organization"},"potentialAction":[{"@type":"SearchAction","target":{"@type":"EntryPoint","urlTemplate":"https:\/\/kosmetik-badwaldsee.de\/?s={search_term_string}"},"query-input":"required name=search_term_string"}],"inLanguage":"de"},{"@type":"Organization","@id":"https:\/\/kosmetik-badwaldsee.de\/#organization","name":"Kosmetik Bad Waldsee","url":"https:\/\/kosmetik-badwaldsee.de\/","logo":{"@type":"ImageObject","inLanguage":"de","@id":"https:\/\/kosmetik-badwaldsee.de\/#\/schema\/logo\/image\/","url":"https:\/\/kosmetik-badwaldsee.de\/wp-content\/uploads\/2020\/04\/Amica_Bittel_2c.jpg","contentUrl":"https:\/\/kosmetik-badwaldsee.de\/wp-content\/uploads\/2020\/04\/Amica_Bittel_2c.jpg","width":1392,"height":630,"caption":"Kosmetik Bad Waldsee"},"image":{"@id":"https:\/\/kosmetik-badwaldsee.de\/#\/schema\/logo\/image\/"}}]}},"_links":{"self":[{"href":"https:\/\/kosmetik-badwaldsee.de\/index.php?rest_route=\/wp\/v2\/pages\/153"}],"collection":[{"href":"https:\/\/kosmetik-badwaldsee.de\/index.php?rest_route=\/wp\/v2\/pages"}],"about":[{"href":"https:\/\/kosmetik-badwaldsee.de\/index.php?rest_route=\/wp\/v2\/types\/page"}],"author":[{"embeddable":true,"href":"https:\/\/kosmetik-badwaldsee.de\/index.php?rest_route=\/wp\/v2\/users\/1"}],"replies":[{"embeddable":true,"href":"https:\/\/kosmetik-badwaldsee.de\/index.php?rest_route=%2Fwp%2Fv2%2Fcomments&post=153"}],"version-history":[{"count":4,"href":"https:\/\/kosmetik-badwaldsee.de\/index.php?rest_route=\/wp\/v2\/pages\/153\/revisions"}],"predecessor-version":[{"id":695,"href":"https:\/\/kosmetik-badwaldsee.de\/index.php?rest_route=\/wp\/v2\/pages\/153\/revisions\/695"}],"up":[{"embeddable":true,"href":"https:\/\/kosmetik-badwaldsee.de\/index.php?rest_route=\/wp\/v2\/pages\/59"}],"wp:featuredmedia":[{"embeddable":true,"href":"https:\/\/kosmetik-badwaldsee.de\/index.php?rest_route=\/wp\/v2\/media\/29"}],"wp:attachment":[{"href":"https:\/\/kosmetik-badwaldsee.de\/index.php?rest_route=%2Fwp%2Fv2%2Fmedia&parent=153"}],"curies":[{"name":"wp","href":"https:\/\/api.w.org\/{rel}","templated":true}]}}