{"id":288,"date":"2021-03-14T14:24:15","date_gmt":"2021-03-14T14:24:15","guid":{"rendered":"https:\/\/kosmetik-badwaldsee.de\/?page_id=288"},"modified":"2021-12-29T13:06:09","modified_gmt":"2021-12-29T13:06:09","slug":"corona-regeln-bei-kosmetik-terminen","status":"publish","type":"page","link":"https:\/\/kosmetik-badwaldsee.de\/?page_id=288","title":{"rendered":"Corona Regeln bei Kosmetik Terminen"},"content":{"rendered":"\n<p>Liebe Kunden,<\/p>\n\n\n\n<p>wir freuen uns wieder Termine in der Kosmetik-Kabine f\u00fcr Sie anbieten zu k\u00f6nnen.<\/p>\n\n\n\n<p>Wir bitten Sie dabei zu beachten, dass es sich nach Corona Schutzverordnung um k\u00f6rpernahe Dienstleistungen handelt. Die Regeln k\u00f6nnen dabei zwischen kosmetischen Gesichtsbehandlungen und beispielsweise Fu\u00dfpflege verschieden lauten. Aufgrund der H\u00e4ufigkeit der \u00c4nderungen bitten wir Sie, sich auf der Seite des <a href=\"https:\/\/www.baden-wuerttemberg.de\/de\/service\/aktuelle-infos-zu-corona\/aktuelle-corona-verordnung-des-landes-baden-wuerttemberg\/\">Landes Baden-W\u00fcrttemberg<\/a> aktuell zu informieren oder gerne telefonisch in der Parf\u00fcmerie die aktuelle Handhabung zu erfragen.&nbsp;<\/p>\n\n\n\n<p>Wir bitten um Verst\u00e4ndnis, dass wir uns zu Ihrem und unserem Schutz bei allen Kunden an die jeweils aktuell geltenden Regeln halten m\u00fcssen.<\/p>\n\n\n\n<p>Ihr Team der AMICA Parf\u00fcmerie Bittel<\/p>\n","protected":false},"excerpt":{"rendered":"<p>Liebe Kunden, wir freuen uns wieder Termine in der Kosmetik-Kabine f\u00fcr Sie anbieten zu k\u00f6nnen. Wir bitten Sie dabei zu beachten, dass es sich nach Corona Schutzverordnung um k\u00f6rpernahe Dienstleistungen handelt. Die Regeln k\u00f6nnen dabei zwischen kosmetischen Gesichtsbehandlungen und beispielsweise Fu\u00dfpflege verschieden lauten. Aufgrund der H\u00e4ufigkeit der \u00c4nderungen bitten wir Sie, sich auf der Seite [&hellip;]<\/p>\n","protected":false},"author":1,"featured_media":0,"parent":0,"menu_order":0,"comment_status":"closed","ping_status":"closed","template":"","meta":{"_mi_skip_tracking":false},"yoast_head":"<!-- This site is optimized with the Yoast SEO plugin v20.1 - https:\/\/yoast.com\/wordpress\/plugins\/seo\/ -->\n<title>Corona Regeln bei Kosmetik Terminen - Kosmetik Bad Waldsee<\/title>\n<meta name=\"robots\" content=\"index, follow, max-snippet:-1, max-image-preview:large, max-video-preview:-1\" \/>\n<link rel=\"canonical\" href=\"https:\/\/kosmetik-badwaldsee.de\/?page_id=288\" \/>\n<meta property=\"og:locale\" content=\"de_DE\" \/>\n<meta property=\"og:type\" content=\"article\" \/>\n<meta property=\"og:title\" content=\"Corona Regeln bei Kosmetik Terminen - Kosmetik Bad Waldsee\" \/>\n<meta property=\"og:description\" content=\"Liebe Kunden, wir freuen uns wieder Termine in der Kosmetik-Kabine f\u00fcr Sie anbieten zu k\u00f6nnen. Wir bitten Sie dabei zu beachten, dass es sich nach Corona Schutzverordnung um k\u00f6rpernahe Dienstleistungen handelt. Die Regeln k\u00f6nnen dabei zwischen kosmetischen Gesichtsbehandlungen und beispielsweise Fu\u00dfpflege verschieden lauten. Aufgrund der H\u00e4ufigkeit der \u00c4nderungen bitten wir Sie, sich auf der Seite [&hellip;]\" \/>\n<meta property=\"og:url\" content=\"https:\/\/kosmetik-badwaldsee.de\/?page_id=288\" \/>\n<meta property=\"og:site_name\" content=\"Kosmetik Bad Waldsee\" \/>\n<meta property=\"article:modified_time\" content=\"2021-12-29T13:06:09+00:00\" \/>\n<meta name=\"twitter:card\" content=\"summary_large_image\" \/>\n<meta name=\"twitter:label1\" content=\"Gesch\u00e4tzte Lesezeit\" \/>\n\t<meta name=\"twitter:data1\" content=\"1\u00a0Minute\" \/>\n<script type=\"application\/ld+json\" class=\"yoast-schema-graph\">{\"@context\":\"https:\/\/schema.org\",\"@graph\":[{\"@type\":\"WebPage\",\"@id\":\"https:\/\/kosmetik-badwaldsee.de\/?page_id=288\",\"url\":\"https:\/\/kosmetik-badwaldsee.de\/?page_id=288\",\"name\":\"Corona Regeln bei Kosmetik Terminen - Kosmetik Bad Waldsee\",\"isPartOf\":{\"@id\":\"https:\/\/kosmetik-badwaldsee.de\/#website\"},\"datePublished\":\"2021-03-14T14:24:15+00:00\",\"dateModified\":\"2021-12-29T13:06:09+00:00\",\"breadcrumb\":{\"@id\":\"https:\/\/kosmetik-badwaldsee.de\/?page_id=288#breadcrumb\"},\"inLanguage\":\"de\",\"potentialAction\":[{\"@type\":\"ReadAction\",\"target\":[\"https:\/\/kosmetik-badwaldsee.de\/?page_id=288\"]}]},{\"@type\":\"BreadcrumbList\",\"@id\":\"https:\/\/kosmetik-badwaldsee.de\/?page_id=288#breadcrumb\",\"itemListElement\":[{\"@type\":\"ListItem\",\"position\":1,\"name\":\"Startseite\",\"item\":\"https:\/\/kosmetik-badwaldsee.de\/\"},{\"@type\":\"ListItem\",\"position\":2,\"name\":\"Corona Regeln bei Kosmetik Terminen\"}]},{\"@type\":\"WebSite\",\"@id\":\"https:\/\/kosmetik-badwaldsee.de\/#website\",\"url\":\"https:\/\/kosmetik-badwaldsee.de\/\",\"name\":\"Kosmetik Bad Waldsee\",\"description\":\"\",\"publisher\":{\"@id\":\"https:\/\/kosmetik-badwaldsee.de\/#organization\"},\"potentialAction\":[{\"@type\":\"SearchAction\",\"target\":{\"@type\":\"EntryPoint\",\"urlTemplate\":\"https:\/\/kosmetik-badwaldsee.de\/?s={search_term_string}\"},\"query-input\":\"required name=search_term_string\"}],\"inLanguage\":\"de\"},{\"@type\":\"Organization\",\"@id\":\"https:\/\/kosmetik-badwaldsee.de\/#organization\",\"name\":\"Kosmetik Bad Waldsee\",\"url\":\"https:\/\/kosmetik-badwaldsee.de\/\",\"logo\":{\"@type\":\"ImageObject\",\"inLanguage\":\"de\",\"@id\":\"https:\/\/kosmetik-badwaldsee.de\/#\/schema\/logo\/image\/\",\"url\":\"https:\/\/kosmetik-badwaldsee.de\/wp-content\/uploads\/2020\/04\/Amica_Bittel_2c.jpg\",\"contentUrl\":\"https:\/\/kosmetik-badwaldsee.de\/wp-content\/uploads\/2020\/04\/Amica_Bittel_2c.jpg\",\"width\":1392,\"height\":630,\"caption\":\"Kosmetik Bad Waldsee\"},\"image\":{\"@id\":\"https:\/\/kosmetik-badwaldsee.de\/#\/schema\/logo\/image\/\"}}]}<\/script>\n<!-- \/ Yoast SEO plugin. -->","yoast_head_json":{"title":"Corona Regeln bei Kosmetik Terminen - Kosmetik Bad Waldsee","robots":{"index":"index","follow":"follow","max-snippet":"max-snippet:-1","max-image-preview":"max-image-preview:large","max-video-preview":"max-video-preview:-1"},"canonical":"https:\/\/kosmetik-badwaldsee.de\/?page_id=288","og_locale":"de_DE","og_type":"article","og_title":"Corona Regeln bei Kosmetik Terminen - Kosmetik Bad Waldsee","og_description":"Liebe Kunden, wir freuen uns wieder Termine in der Kosmetik-Kabine f\u00fcr Sie anbieten zu k\u00f6nnen. Wir bitten Sie dabei zu beachten, dass es sich nach Corona Schutzverordnung um k\u00f6rpernahe Dienstleistungen handelt. Die Regeln k\u00f6nnen dabei zwischen kosmetischen Gesichtsbehandlungen und beispielsweise Fu\u00dfpflege verschieden lauten. Aufgrund der H\u00e4ufigkeit der \u00c4nderungen bitten wir Sie, sich auf der Seite [&hellip;]","og_url":"https:\/\/kosmetik-badwaldsee.de\/?page_id=288","og_site_name":"Kosmetik Bad Waldsee","article_modified_time":"2021-12-29T13:06:09+00:00","twitter_card":"summary_large_image","twitter_misc":{"Gesch\u00e4tzte Lesezeit":"1\u00a0Minute"},"schema":{"@context":"https:\/\/schema.org","@graph":[{"@type":"WebPage","@id":"https:\/\/kosmetik-badwaldsee.de\/?page_id=288","url":"https:\/\/kosmetik-badwaldsee.de\/?page_id=288","name":"Corona Regeln bei Kosmetik Terminen - Kosmetik Bad Waldsee","isPartOf":{"@id":"https:\/\/kosmetik-badwaldsee.de\/#website"},"datePublished":"2021-03-14T14:24:15+00:00","dateModified":"2021-12-29T13:06:09+00:00","breadcrumb":{"@id":"https:\/\/kosmetik-badwaldsee.de\/?page_id=288#breadcrumb"},"inLanguage":"de","potentialAction":[{"@type":"ReadAction","target":["https:\/\/kosmetik-badwaldsee.de\/?page_id=288"]}]},{"@type":"BreadcrumbList","@id":"https:\/\/kosmetik-badwaldsee.de\/?page_id=288#breadcrumb","itemListElement":[{"@type":"ListItem","position":1,"name":"Startseite","item":"https:\/\/kosmetik-badwaldsee.de\/"},{"@type":"ListItem","position":2,"name":"Corona Regeln bei Kosmetik Terminen"}]},{"@type":"WebSite","@id":"https:\/\/kosmetik-badwaldsee.de\/#website","url":"https:\/\/kosmetik-badwaldsee.de\/","name":"Kosmetik Bad Waldsee","description":"","publisher":{"@id":"https:\/\/kosmetik-badwaldsee.de\/#organization"},"potentialAction":[{"@type":"SearchAction","target":{"@type":"EntryPoint","urlTemplate":"https:\/\/kosmetik-badwaldsee.de\/?s={search_term_string}"},"query-input":"required name=search_term_string"}],"inLanguage":"de"},{"@type":"Organization","@id":"https:\/\/kosmetik-badwaldsee.de\/#organization","name":"Kosmetik Bad Waldsee","url":"https:\/\/kosmetik-badwaldsee.de\/","logo":{"@type":"ImageObject","inLanguage":"de","@id":"https:\/\/kosmetik-badwaldsee.de\/#\/schema\/logo\/image\/","url":"https:\/\/kosmetik-badwaldsee.de\/wp-content\/uploads\/2020\/04\/Amica_Bittel_2c.jpg","contentUrl":"https:\/\/kosmetik-badwaldsee.de\/wp-content\/uploads\/2020\/04\/Amica_Bittel_2c.jpg","width":1392,"height":630,"caption":"Kosmetik Bad Waldsee"},"image":{"@id":"https:\/\/kosmetik-badwaldsee.de\/#\/schema\/logo\/image\/"}}]}},"_links":{"self":[{"href":"https:\/\/kosmetik-badwaldsee.de\/index.php?rest_route=\/wp\/v2\/pages\/288"}],"collection":[{"href":"https:\/\/kosmetik-badwaldsee.de\/index.php?rest_route=\/wp\/v2\/pages"}],"about":[{"href":"https:\/\/kosmetik-badwaldsee.de\/index.php?rest_route=\/wp\/v2\/types\/page"}],"author":[{"embeddable":true,"href":"https:\/\/kosmetik-badwaldsee.de\/index.php?rest_route=\/wp\/v2\/users\/1"}],"replies":[{"embeddable":true,"href":"https:\/\/kosmetik-badwaldsee.de\/index.php?rest_route=%2Fwp%2Fv2%2Fcomments&post=288"}],"version-history":[{"count":3,"href":"https:\/\/kosmetik-badwaldsee.de\/index.php?rest_route=\/wp\/v2\/pages\/288\/revisions"}],"predecessor-version":[{"id":369,"href":"https:\/\/kosmetik-badwaldsee.de\/index.php?rest_route=\/wp\/v2\/pages\/288\/revisions\/369"}],"wp:attachment":[{"href":"https:\/\/kosmetik-badwaldsee.de\/index.php?rest_route=%2Fwp%2Fv2%2Fmedia&parent=288"}],"curies":[{"name":"wp","href":"https:\/\/api.w.org\/{rel}","templated":true}]}}