{"id":431,"date":"2022-08-31T17:14:55","date_gmt":"2022-08-31T17:14:55","guid":{"rendered":"https:\/\/kosmetik-badwaldsee.de\/?page_id=431"},"modified":"2026-03-25T14:08:25","modified_gmt":"2026-03-25T14:08:25","slug":"naturkosmetik-von-dr-hauck","status":"publish","type":"page","link":"https:\/\/kosmetik-badwaldsee.de\/?page_id=431","title":{"rendered":"Naturkosmetik von Dr. Hauck"},"content":{"rendered":"\n<p>Ultravertr\u00e4glich. Kosmetisch Wirksam. Bio Naturkosmetik in Bad Waldsee. Mit sorgf\u00e4ltig ausgew\u00e4hlten, milden Rohstoffen und nur den besten und nachhaltigsten Wirkstoffen aus der Natur.<\/p>\n\n\n\n<p><strong>Anti-Aging Behandlung<\/strong><br>Wirkstoff-Behandlung f\u00fcr jeden Hauttyp. Die individuell ausgew\u00e4hlten Produkte bringen die Haut in ihr Gleichgewicht, reduzieren Falten und verfeinern das Hautbild.<\/p>\n\n\n\n<p>85 Verw\u00f6hnminuten \u2013 109\u20ac<\/p>\n\n\n\n<p><strong>Better-Aging-Behandlung<\/strong><br>Nach einer individuellen Hautberatung folgt ein Aroma- Duft\u00f6l-Fu\u00dfbad, Gesicht und Dekollete werden gereinigt und gepeelt. Dachach werden mit einem gl\u00e4ttenden Pflanzengold Massage\u00f6l eine entspannende Gesichts- und Handmassage durchgef\u00fchrt.<\/p>\n\n\n\n<p>90 Verw\u00f6hnminuten \u2013 119\u20ac<\/p>\n\n\n\n<p><strong>Ausreinigungsbehandlung<\/strong><\/p>\n\n\n\n<p>55 Verw\u00f6hnminuten \u2013 75\u20ac<\/p>\n\n\n\n<p><strong>Mikrodermabrasion und Ausreinigen<\/strong><\/p>\n\n\n\n<p>55 Verw\u00f6hnminuten \u2013 105\u20ac<\/p>\n\n\n\n<figure class=\"wp-block-image\"><a href=\"https:\/\/www.dr-hauck.com\/\" target=\"_blank\" rel=\"noreferrer noopener\"><img decoding=\"async\" src=\"https:\/\/kosmetik-ravensburg.com\/wp-content\/uploads\/2022\/08\/1552472735_dr-hauck-claim-mitbildmarke-schwarz-tg.jpg\" alt=\"Naturkosmetik von Dr. Hauck in Ravensburg\" class=\"wp-image-139\"\/><\/a><\/figure>\n","protected":false},"excerpt":{"rendered":"<p>Ultravertr\u00e4glich. Kosmetisch Wirksam. Bio Naturkosmetik in Bad Waldsee. Mit sorgf\u00e4ltig ausgew\u00e4hlten, milden Rohstoffen und nur den besten und nachhaltigsten Wirkstoffen aus der Natur. Anti-Aging BehandlungWirkstoff-Behandlung f\u00fcr jeden Hauttyp. Die individuell ausgew\u00e4hlten Produkte bringen die Haut in ihr Gleichgewicht, reduzieren Falten und verfeinern das Hautbild. 85 Verw\u00f6hnminuten \u2013 109\u20ac Better-Aging-BehandlungNach einer individuellen Hautberatung folgt ein Aroma- [&hellip;]<\/p>\n","protected":false},"author":1,"featured_media":432,"parent":0,"menu_order":0,"comment_status":"closed","ping_status":"closed","template":"","meta":{"_mi_skip_tracking":false},"yoast_head":"<!-- This site is optimized with the Yoast SEO plugin v20.1 - https:\/\/yoast.com\/wordpress\/plugins\/seo\/ -->\n<title>Naturkosmetik von Dr. Hauck - Kosmetik Bad Waldsee<\/title>\n<meta name=\"robots\" content=\"index, follow, max-snippet:-1, max-image-preview:large, max-video-preview:-1\" \/>\n<link rel=\"canonical\" href=\"https:\/\/kosmetik-badwaldsee.de\/?page_id=431\" \/>\n<meta property=\"og:locale\" content=\"de_DE\" \/>\n<meta property=\"og:type\" content=\"article\" \/>\n<meta property=\"og:title\" content=\"Naturkosmetik von Dr. Hauck - Kosmetik Bad Waldsee\" \/>\n<meta property=\"og:description\" content=\"Ultravertr\u00e4glich. Kosmetisch Wirksam. Bio Naturkosmetik in Bad Waldsee. Mit sorgf\u00e4ltig ausgew\u00e4hlten, milden Rohstoffen und nur den besten und nachhaltigsten Wirkstoffen aus der Natur. Anti-Aging BehandlungWirkstoff-Behandlung f\u00fcr jeden Hauttyp. Die individuell ausgew\u00e4hlten Produkte bringen die Haut in ihr Gleichgewicht, reduzieren Falten und verfeinern das Hautbild. 85 Verw\u00f6hnminuten \u2013 109\u20ac Better-Aging-BehandlungNach einer individuellen Hautberatung folgt ein Aroma- [&hellip;]\" \/>\n<meta property=\"og:url\" content=\"https:\/\/kosmetik-badwaldsee.de\/?page_id=431\" \/>\n<meta property=\"og:site_name\" content=\"Kosmetik Bad Waldsee\" \/>\n<meta property=\"article:modified_time\" content=\"2026-03-25T14:08:25+00:00\" \/>\n<meta property=\"og:image\" content=\"https:\/\/kosmetik-badwaldsee.de\/wp-content\/uploads\/2022\/08\/Fotolia_123603188_S.jpg\" \/>\n\t<meta property=\"og:image:width\" content=\"980\" \/>\n\t<meta property=\"og:image:height\" content=\"490\" \/>\n\t<meta property=\"og:image:type\" content=\"image\/jpeg\" \/>\n<meta name=\"twitter:card\" content=\"summary_large_image\" \/>\n<meta name=\"twitter:label1\" content=\"Gesch\u00e4tzte Lesezeit\" \/>\n\t<meta name=\"twitter:data1\" content=\"1\u00a0Minute\" \/>\n<script type=\"application\/ld+json\" class=\"yoast-schema-graph\">{\"@context\":\"https:\/\/schema.org\",\"@graph\":[{\"@type\":\"WebPage\",\"@id\":\"https:\/\/kosmetik-badwaldsee.de\/?page_id=431\",\"url\":\"https:\/\/kosmetik-badwaldsee.de\/?page_id=431\",\"name\":\"Naturkosmetik von Dr. Hauck - Kosmetik Bad Waldsee\",\"isPartOf\":{\"@id\":\"https:\/\/kosmetik-badwaldsee.de\/#website\"},\"datePublished\":\"2022-08-31T17:14:55+00:00\",\"dateModified\":\"2026-03-25T14:08:25+00:00\",\"breadcrumb\":{\"@id\":\"https:\/\/kosmetik-badwaldsee.de\/?page_id=431#breadcrumb\"},\"inLanguage\":\"de\",\"potentialAction\":[{\"@type\":\"ReadAction\",\"target\":[\"https:\/\/kosmetik-badwaldsee.de\/?page_id=431\"]}]},{\"@type\":\"BreadcrumbList\",\"@id\":\"https:\/\/kosmetik-badwaldsee.de\/?page_id=431#breadcrumb\",\"itemListElement\":[{\"@type\":\"ListItem\",\"position\":1,\"name\":\"Startseite\",\"item\":\"https:\/\/kosmetik-badwaldsee.de\/\"},{\"@type\":\"ListItem\",\"position\":2,\"name\":\"Naturkosmetik von Dr. Hauck\"}]},{\"@type\":\"WebSite\",\"@id\":\"https:\/\/kosmetik-badwaldsee.de\/#website\",\"url\":\"https:\/\/kosmetik-badwaldsee.de\/\",\"name\":\"Kosmetik Bad Waldsee\",\"description\":\"\",\"publisher\":{\"@id\":\"https:\/\/kosmetik-badwaldsee.de\/#organization\"},\"potentialAction\":[{\"@type\":\"SearchAction\",\"target\":{\"@type\":\"EntryPoint\",\"urlTemplate\":\"https:\/\/kosmetik-badwaldsee.de\/?s={search_term_string}\"},\"query-input\":\"required name=search_term_string\"}],\"inLanguage\":\"de\"},{\"@type\":\"Organization\",\"@id\":\"https:\/\/kosmetik-badwaldsee.de\/#organization\",\"name\":\"Kosmetik Bad Waldsee\",\"url\":\"https:\/\/kosmetik-badwaldsee.de\/\",\"logo\":{\"@type\":\"ImageObject\",\"inLanguage\":\"de\",\"@id\":\"https:\/\/kosmetik-badwaldsee.de\/#\/schema\/logo\/image\/\",\"url\":\"https:\/\/kosmetik-badwaldsee.de\/wp-content\/uploads\/2020\/04\/Amica_Bittel_2c.jpg\",\"contentUrl\":\"https:\/\/kosmetik-badwaldsee.de\/wp-content\/uploads\/2020\/04\/Amica_Bittel_2c.jpg\",\"width\":1392,\"height\":630,\"caption\":\"Kosmetik Bad Waldsee\"},\"image\":{\"@id\":\"https:\/\/kosmetik-badwaldsee.de\/#\/schema\/logo\/image\/\"}}]}<\/script>\n<!-- \/ Yoast SEO plugin. -->","yoast_head_json":{"title":"Naturkosmetik von Dr. Hauck - Kosmetik Bad Waldsee","robots":{"index":"index","follow":"follow","max-snippet":"max-snippet:-1","max-image-preview":"max-image-preview:large","max-video-preview":"max-video-preview:-1"},"canonical":"https:\/\/kosmetik-badwaldsee.de\/?page_id=431","og_locale":"de_DE","og_type":"article","og_title":"Naturkosmetik von Dr. Hauck - Kosmetik Bad Waldsee","og_description":"Ultravertr\u00e4glich. Kosmetisch Wirksam. Bio Naturkosmetik in Bad Waldsee. Mit sorgf\u00e4ltig ausgew\u00e4hlten, milden Rohstoffen und nur den besten und nachhaltigsten Wirkstoffen aus der Natur. Anti-Aging BehandlungWirkstoff-Behandlung f\u00fcr jeden Hauttyp. Die individuell ausgew\u00e4hlten Produkte bringen die Haut in ihr Gleichgewicht, reduzieren Falten und verfeinern das Hautbild. 85 Verw\u00f6hnminuten \u2013 109\u20ac Better-Aging-BehandlungNach einer individuellen Hautberatung folgt ein Aroma- [&hellip;]","og_url":"https:\/\/kosmetik-badwaldsee.de\/?page_id=431","og_site_name":"Kosmetik Bad Waldsee","article_modified_time":"2026-03-25T14:08:25+00:00","og_image":[{"width":980,"height":490,"url":"https:\/\/kosmetik-badwaldsee.de\/wp-content\/uploads\/2022\/08\/Fotolia_123603188_S.jpg","type":"image\/jpeg"}],"twitter_card":"summary_large_image","twitter_misc":{"Gesch\u00e4tzte Lesezeit":"1\u00a0Minute"},"schema":{"@context":"https:\/\/schema.org","@graph":[{"@type":"WebPage","@id":"https:\/\/kosmetik-badwaldsee.de\/?page_id=431","url":"https:\/\/kosmetik-badwaldsee.de\/?page_id=431","name":"Naturkosmetik von Dr. Hauck - Kosmetik Bad Waldsee","isPartOf":{"@id":"https:\/\/kosmetik-badwaldsee.de\/#website"},"datePublished":"2022-08-31T17:14:55+00:00","dateModified":"2026-03-25T14:08:25+00:00","breadcrumb":{"@id":"https:\/\/kosmetik-badwaldsee.de\/?page_id=431#breadcrumb"},"inLanguage":"de","potentialAction":[{"@type":"ReadAction","target":["https:\/\/kosmetik-badwaldsee.de\/?page_id=431"]}]},{"@type":"BreadcrumbList","@id":"https:\/\/kosmetik-badwaldsee.de\/?page_id=431#breadcrumb","itemListElement":[{"@type":"ListItem","position":1,"name":"Startseite","item":"https:\/\/kosmetik-badwaldsee.de\/"},{"@type":"ListItem","position":2,"name":"Naturkosmetik von Dr. Hauck"}]},{"@type":"WebSite","@id":"https:\/\/kosmetik-badwaldsee.de\/#website","url":"https:\/\/kosmetik-badwaldsee.de\/","name":"Kosmetik Bad Waldsee","description":"","publisher":{"@id":"https:\/\/kosmetik-badwaldsee.de\/#organization"},"potentialAction":[{"@type":"SearchAction","target":{"@type":"EntryPoint","urlTemplate":"https:\/\/kosmetik-badwaldsee.de\/?s={search_term_string}"},"query-input":"required name=search_term_string"}],"inLanguage":"de"},{"@type":"Organization","@id":"https:\/\/kosmetik-badwaldsee.de\/#organization","name":"Kosmetik Bad Waldsee","url":"https:\/\/kosmetik-badwaldsee.de\/","logo":{"@type":"ImageObject","inLanguage":"de","@id":"https:\/\/kosmetik-badwaldsee.de\/#\/schema\/logo\/image\/","url":"https:\/\/kosmetik-badwaldsee.de\/wp-content\/uploads\/2020\/04\/Amica_Bittel_2c.jpg","contentUrl":"https:\/\/kosmetik-badwaldsee.de\/wp-content\/uploads\/2020\/04\/Amica_Bittel_2c.jpg","width":1392,"height":630,"caption":"Kosmetik Bad Waldsee"},"image":{"@id":"https:\/\/kosmetik-badwaldsee.de\/#\/schema\/logo\/image\/"}}]}},"_links":{"self":[{"href":"https:\/\/kosmetik-badwaldsee.de\/index.php?rest_route=\/wp\/v2\/pages\/431"}],"collection":[{"href":"https:\/\/kosmetik-badwaldsee.de\/index.php?rest_route=\/wp\/v2\/pages"}],"about":[{"href":"https:\/\/kosmetik-badwaldsee.de\/index.php?rest_route=\/wp\/v2\/types\/page"}],"author":[{"embeddable":true,"href":"https:\/\/kosmetik-badwaldsee.de\/index.php?rest_route=\/wp\/v2\/users\/1"}],"replies":[{"embeddable":true,"href":"https:\/\/kosmetik-badwaldsee.de\/index.php?rest_route=%2Fwp%2Fv2%2Fcomments&post=431"}],"version-history":[{"count":3,"href":"https:\/\/kosmetik-badwaldsee.de\/index.php?rest_route=\/wp\/v2\/pages\/431\/revisions"}],"predecessor-version":[{"id":749,"href":"https:\/\/kosmetik-badwaldsee.de\/index.php?rest_route=\/wp\/v2\/pages\/431\/revisions\/749"}],"wp:featuredmedia":[{"embeddable":true,"href":"https:\/\/kosmetik-badwaldsee.de\/index.php?rest_route=\/wp\/v2\/media\/432"}],"wp:attachment":[{"href":"https:\/\/kosmetik-badwaldsee.de\/index.php?rest_route=%2Fwp%2Fv2%2Fmedia&parent=431"}],"curies":[{"name":"wp","href":"https:\/\/api.w.org\/{rel}","templated":true}]}}