{"id":56,"date":"2020-04-13T07:24:25","date_gmt":"2020-04-13T07:24:25","guid":{"rendered":"http:\/\/amica.kosmetik-badwaldsee.de\/?page_id=56"},"modified":"2024-03-20T19:56:01","modified_gmt":"2024-03-20T19:56:01","slug":"gesichtspflege-und-kosmetik-bad-waldsee","status":"publish","type":"page","link":"https:\/\/kosmetik-badwaldsee.de\/?page_id=56","title":{"rendered":"Gesichtspflege und Kosmetik Bad Waldsee"},"content":{"rendered":"\n<p>Unsere Experten beraten Sie gerne und finden gemeinsam mit Ihnen die passende Gesichtspflege f\u00fcr Ihren Hautbedarf. Dabei bieten wir mit&nbsp;<a href=\"http:\/\/amica.kosmetik-badwaldsee.de\/?page_id=88\">Relax-Behandlungen<\/a>,&nbsp;<a href=\"http:\/\/amica.kosmetik-badwaldsee.de\/?page_id=81\">Express-Behandlungen<\/a>&nbsp;in der Mittagspause oder&nbsp;<a href=\"http:\/\/amica.kosmetik-badwaldsee.de\/?page_id=79\">Clear Skin Treatments<\/a><a href=\"http:\/\/www.kosmetik-leutkirch.com\/gesichtspflege\/clear-skin-behandlung\/\">&nbsp;<\/a>eine breite Auswahl an effektiven Anwendungen f\u00fcr Kosmetik in Bad Waldsee. Dabei beraten unsere Experten Sie gerne.<\/p>\n\n\n\n<h3>Verw\u00f6hnen Sie sich mit Gesichtspflege und Kosmetik in Bad Waldsee.<\/h3>\n\n\n\n<p>Mit speziellen Markenanwendungen von&nbsp;<a href=\"http:\/\/amica.kosmetik-badwaldsee.de\/?page_id=90\">Watermark<\/a>&nbsp;oder<a href=\"http:\/\/www.kosmetik-leutkirch.com\/gesichtspflege\/carita-renovateur-behandlungen\/\"> Clarins <\/a>genie\u00dfen Sie luxuri\u00f6se Pflege mit hochwertigen Wirkstoffen. Dazu k\u00f6nnen Sie einige besondere&nbsp;<a href=\"http:\/\/amica.kosmetik-badwaldsee.de\/?page_id=84\">Extras<\/a>&nbsp;wie&nbsp;<a href=\"http:\/\/amica.kosmetik-badwaldsee.de\/?page_id=77\">Masken und Ampullen<\/a>&nbsp;erg\u00e4nzend buchen.<\/p>\n\n\n\n<p>Mit unseren kosmetischen Anwendungen verw\u00f6hnen Sie K\u00f6rper und Geist. Genie\u00dfen Sie das sch\u00f6ne Gef\u00fchl gepflegter Haut und entspannen Sie sich.<\/p>\n\n\n\n<div class=\"is-layout-flex wp-container-3 wp-block-columns has-2-columns\">\n<div class=\"is-layout-flow wp-block-column\">\n<figure class=\"wp-block-image size-large\"><img decoding=\"async\" loading=\"lazy\" width=\"683\" height=\"1024\" src=\"https:\/\/kosmetik-badwaldsee.de\/wp-content\/uploads\/2024\/03\/IMG_0785-683x1024.jpeg\" alt=\"\" class=\"wp-image-564\" srcset=\"https:\/\/kosmetik-badwaldsee.de\/wp-content\/uploads\/2024\/03\/IMG_0785-683x1024.jpeg 683w, https:\/\/kosmetik-badwaldsee.de\/wp-content\/uploads\/2024\/03\/IMG_0785-200x300.jpeg 200w, https:\/\/kosmetik-badwaldsee.de\/wp-content\/uploads\/2024\/03\/IMG_0785-768x1152.jpeg 768w, https:\/\/kosmetik-badwaldsee.de\/wp-content\/uploads\/2024\/03\/IMG_0785-1024x1536.jpeg 1024w, https:\/\/kosmetik-badwaldsee.de\/wp-content\/uploads\/2024\/03\/IMG_0785-1365x2048.jpeg 1365w, https:\/\/kosmetik-badwaldsee.de\/wp-content\/uploads\/2024\/03\/IMG_0785-scaled.jpeg 1707w\" sizes=\"(max-width: 683px) 100vw, 683px\" \/><figcaption class=\"wp-element-caption\">Constanze Fischer, Kosmetikerin<\/figcaption><\/figure>\n<\/div>\n\n\n\n<div class=\"is-layout-flow wp-block-column\">\n<figure class=\"wp-block-image size-large\"><img decoding=\"async\" loading=\"lazy\" width=\"683\" height=\"1024\" src=\"https:\/\/kosmetik-badwaldsee.de\/wp-content\/uploads\/2024\/03\/IMG_2018-683x1024.jpeg\" alt=\"\" class=\"wp-image-565\" srcset=\"https:\/\/kosmetik-badwaldsee.de\/wp-content\/uploads\/2024\/03\/IMG_2018-683x1024.jpeg 683w, https:\/\/kosmetik-badwaldsee.de\/wp-content\/uploads\/2024\/03\/IMG_2018-200x300.jpeg 200w, https:\/\/kosmetik-badwaldsee.de\/wp-content\/uploads\/2024\/03\/IMG_2018-768x1152.jpeg 768w, https:\/\/kosmetik-badwaldsee.de\/wp-content\/uploads\/2024\/03\/IMG_2018-1024x1536.jpeg 1024w, https:\/\/kosmetik-badwaldsee.de\/wp-content\/uploads\/2024\/03\/IMG_2018-1365x2048.jpeg 1365w, https:\/\/kosmetik-badwaldsee.de\/wp-content\/uploads\/2024\/03\/IMG_2018-scaled.jpeg 1707w\" sizes=\"(max-width: 683px) 100vw, 683px\" \/><figcaption class=\"wp-element-caption\">Alina Deisling, Make-up Artist<\/figcaption><\/figure>\n<\/div>\n<\/div>\n\n\n\n<div class=\"is-layout-flex wp-container-6 wp-block-columns\">\n<div class=\"is-layout-flow wp-block-column\">\n<figure class=\"wp-block-image size-large\"><img decoding=\"async\" loading=\"lazy\" width=\"1919\" height=\"2560\" src=\"https:\/\/kosmetik-badwaldsee.de\/wp-content\/uploads\/2024\/03\/IMG_1929-edited-scaled.jpeg\" alt=\"\" class=\"wp-image-570\" srcset=\"https:\/\/kosmetik-badwaldsee.de\/wp-content\/uploads\/2024\/03\/IMG_1929-edited-scaled.jpeg 1919w, https:\/\/kosmetik-badwaldsee.de\/wp-content\/uploads\/2024\/03\/IMG_1929-edited-225x300.jpeg 225w, https:\/\/kosmetik-badwaldsee.de\/wp-content\/uploads\/2024\/03\/IMG_1929-edited-768x1025.jpeg 768w, https:\/\/kosmetik-badwaldsee.de\/wp-content\/uploads\/2024\/03\/IMG_1929-edited-1151x1536.jpeg 1151w, https:\/\/kosmetik-badwaldsee.de\/wp-content\/uploads\/2024\/03\/IMG_1929-edited-1535x2048.jpeg 1535w\" sizes=\"(max-width: 1919px) 100vw, 1919px\" \/><\/figure>\n<\/div>\n\n\n\n<div class=\"is-layout-flow wp-block-column\"><\/div>\n<\/div>\n","protected":false},"excerpt":{"rendered":"<p>Unsere Experten beraten Sie gerne und finden gemeinsam mit Ihnen die passende Gesichtspflege f\u00fcr Ihren Hautbedarf. Dabei bieten wir mit&nbsp;Relax-Behandlungen,&nbsp;Express-Behandlungen&nbsp;in der Mittagspause oder&nbsp;Clear Skin Treatments&nbsp;eine breite Auswahl an effektiven Anwendungen f\u00fcr Kosmetik in Bad Waldsee. Dabei beraten unsere Experten Sie gerne. Verw\u00f6hnen Sie sich mit Gesichtspflege und Kosmetik in Bad Waldsee. Mit speziellen Markenanwendungen von&nbsp;Watermark&nbsp;oder [&hellip;]<\/p>\n","protected":false},"author":1,"featured_media":25,"parent":0,"menu_order":0,"comment_status":"closed","ping_status":"closed","template":"","meta":{"_mi_skip_tracking":false},"yoast_head":"<!-- This site is optimized with the Yoast SEO plugin v20.1 - https:\/\/yoast.com\/wordpress\/plugins\/seo\/ -->\n<title>Gesichtspflege und Kosmetik Bad Waldsee - Kosmetik Bad Waldsee<\/title>\n<meta name=\"description\" content=\"Gesichtspflege und Kosmetik in Bad Waldsee - finden Sie mit unseren Beauty Experten die richtige Pflege f\u00fcr Ihren individuellen Hauttyp\" \/>\n<meta name=\"robots\" content=\"index, follow, max-snippet:-1, max-image-preview:large, max-video-preview:-1\" \/>\n<link rel=\"canonical\" href=\"https:\/\/kosmetik-badwaldsee.de\/?page_id=56\" \/>\n<meta property=\"og:locale\" content=\"de_DE\" \/>\n<meta property=\"og:type\" content=\"article\" \/>\n<meta property=\"og:title\" content=\"Gesichtspflege und Kosmetik Bad Waldsee - Kosmetik Bad Waldsee\" \/>\n<meta property=\"og:description\" content=\"Gesichtspflege und Kosmetik in Bad Waldsee - finden Sie mit unseren Beauty Experten die richtige Pflege f\u00fcr Ihren individuellen Hauttyp\" \/>\n<meta property=\"og:url\" content=\"https:\/\/kosmetik-badwaldsee.de\/?page_id=56\" \/>\n<meta property=\"og:site_name\" content=\"Kosmetik Bad Waldsee\" \/>\n<meta property=\"article:modified_time\" content=\"2024-03-20T19:56:01+00:00\" \/>\n<meta property=\"og:image\" content=\"https:\/\/kosmetik-badwaldsee.de\/wp-content\/uploads\/2020\/04\/Fotolia_69662968_M.jpg\" \/>\n\t<meta property=\"og:image:width\" content=\"1419\" \/>\n\t<meta property=\"og:image:height\" content=\"1339\" \/>\n\t<meta property=\"og:image:type\" content=\"image\/jpeg\" \/>\n<meta name=\"twitter:card\" content=\"summary_large_image\" \/>\n<meta name=\"twitter:label1\" content=\"Gesch\u00e4tzte Lesezeit\" \/>\n\t<meta name=\"twitter:data1\" content=\"2\u00a0Minuten\" \/>\n<script type=\"application\/ld+json\" class=\"yoast-schema-graph\">{\"@context\":\"https:\/\/schema.org\",\"@graph\":[{\"@type\":\"WebPage\",\"@id\":\"https:\/\/kosmetik-badwaldsee.de\/?page_id=56\",\"url\":\"https:\/\/kosmetik-badwaldsee.de\/?page_id=56\",\"name\":\"Gesichtspflege und Kosmetik Bad Waldsee - Kosmetik Bad Waldsee\",\"isPartOf\":{\"@id\":\"https:\/\/kosmetik-badwaldsee.de\/#website\"},\"datePublished\":\"2020-04-13T07:24:25+00:00\",\"dateModified\":\"2024-03-20T19:56:01+00:00\",\"description\":\"Gesichtspflege und Kosmetik in Bad Waldsee - finden Sie mit unseren Beauty Experten die richtige Pflege f\u00fcr Ihren individuellen Hauttyp\",\"breadcrumb\":{\"@id\":\"https:\/\/kosmetik-badwaldsee.de\/?page_id=56#breadcrumb\"},\"inLanguage\":\"de\",\"potentialAction\":[{\"@type\":\"ReadAction\",\"target\":[\"https:\/\/kosmetik-badwaldsee.de\/?page_id=56\"]}]},{\"@type\":\"BreadcrumbList\",\"@id\":\"https:\/\/kosmetik-badwaldsee.de\/?page_id=56#breadcrumb\",\"itemListElement\":[{\"@type\":\"ListItem\",\"position\":1,\"name\":\"Startseite\",\"item\":\"https:\/\/kosmetik-badwaldsee.de\/\"},{\"@type\":\"ListItem\",\"position\":2,\"name\":\"Gesichtspflege und Kosmetik Bad Waldsee\"}]},{\"@type\":\"WebSite\",\"@id\":\"https:\/\/kosmetik-badwaldsee.de\/#website\",\"url\":\"https:\/\/kosmetik-badwaldsee.de\/\",\"name\":\"Kosmetik Bad Waldsee\",\"description\":\"\",\"publisher\":{\"@id\":\"https:\/\/kosmetik-badwaldsee.de\/#organization\"},\"potentialAction\":[{\"@type\":\"SearchAction\",\"target\":{\"@type\":\"EntryPoint\",\"urlTemplate\":\"https:\/\/kosmetik-badwaldsee.de\/?s={search_term_string}\"},\"query-input\":\"required name=search_term_string\"}],\"inLanguage\":\"de\"},{\"@type\":\"Organization\",\"@id\":\"https:\/\/kosmetik-badwaldsee.de\/#organization\",\"name\":\"Kosmetik Bad Waldsee\",\"url\":\"https:\/\/kosmetik-badwaldsee.de\/\",\"logo\":{\"@type\":\"ImageObject\",\"inLanguage\":\"de\",\"@id\":\"https:\/\/kosmetik-badwaldsee.de\/#\/schema\/logo\/image\/\",\"url\":\"https:\/\/kosmetik-badwaldsee.de\/wp-content\/uploads\/2020\/04\/Amica_Bittel_2c.jpg\",\"contentUrl\":\"https:\/\/kosmetik-badwaldsee.de\/wp-content\/uploads\/2020\/04\/Amica_Bittel_2c.jpg\",\"width\":1392,\"height\":630,\"caption\":\"Kosmetik Bad Waldsee\"},\"image\":{\"@id\":\"https:\/\/kosmetik-badwaldsee.de\/#\/schema\/logo\/image\/\"}}]}<\/script>\n<!-- \/ Yoast SEO plugin. -->","yoast_head_json":{"title":"Gesichtspflege und Kosmetik Bad Waldsee - Kosmetik Bad Waldsee","description":"Gesichtspflege und Kosmetik in Bad Waldsee - finden Sie mit unseren Beauty Experten die richtige Pflege f\u00fcr Ihren individuellen Hauttyp","robots":{"index":"index","follow":"follow","max-snippet":"max-snippet:-1","max-image-preview":"max-image-preview:large","max-video-preview":"max-video-preview:-1"},"canonical":"https:\/\/kosmetik-badwaldsee.de\/?page_id=56","og_locale":"de_DE","og_type":"article","og_title":"Gesichtspflege und Kosmetik Bad Waldsee - Kosmetik Bad Waldsee","og_description":"Gesichtspflege und Kosmetik in Bad Waldsee - finden Sie mit unseren Beauty Experten die richtige Pflege f\u00fcr Ihren individuellen Hauttyp","og_url":"https:\/\/kosmetik-badwaldsee.de\/?page_id=56","og_site_name":"Kosmetik Bad Waldsee","article_modified_time":"2024-03-20T19:56:01+00:00","og_image":[{"width":1419,"height":1339,"url":"https:\/\/kosmetik-badwaldsee.de\/wp-content\/uploads\/2020\/04\/Fotolia_69662968_M.jpg","type":"image\/jpeg"}],"twitter_card":"summary_large_image","twitter_misc":{"Gesch\u00e4tzte Lesezeit":"2\u00a0Minuten"},"schema":{"@context":"https:\/\/schema.org","@graph":[{"@type":"WebPage","@id":"https:\/\/kosmetik-badwaldsee.de\/?page_id=56","url":"https:\/\/kosmetik-badwaldsee.de\/?page_id=56","name":"Gesichtspflege und Kosmetik Bad Waldsee - Kosmetik Bad Waldsee","isPartOf":{"@id":"https:\/\/kosmetik-badwaldsee.de\/#website"},"datePublished":"2020-04-13T07:24:25+00:00","dateModified":"2024-03-20T19:56:01+00:00","description":"Gesichtspflege und Kosmetik in Bad Waldsee - finden Sie mit unseren Beauty Experten die richtige Pflege f\u00fcr Ihren individuellen Hauttyp","breadcrumb":{"@id":"https:\/\/kosmetik-badwaldsee.de\/?page_id=56#breadcrumb"},"inLanguage":"de","potentialAction":[{"@type":"ReadAction","target":["https:\/\/kosmetik-badwaldsee.de\/?page_id=56"]}]},{"@type":"BreadcrumbList","@id":"https:\/\/kosmetik-badwaldsee.de\/?page_id=56#breadcrumb","itemListElement":[{"@type":"ListItem","position":1,"name":"Startseite","item":"https:\/\/kosmetik-badwaldsee.de\/"},{"@type":"ListItem","position":2,"name":"Gesichtspflege und Kosmetik Bad Waldsee"}]},{"@type":"WebSite","@id":"https:\/\/kosmetik-badwaldsee.de\/#website","url":"https:\/\/kosmetik-badwaldsee.de\/","name":"Kosmetik Bad Waldsee","description":"","publisher":{"@id":"https:\/\/kosmetik-badwaldsee.de\/#organization"},"potentialAction":[{"@type":"SearchAction","target":{"@type":"EntryPoint","urlTemplate":"https:\/\/kosmetik-badwaldsee.de\/?s={search_term_string}"},"query-input":"required name=search_term_string"}],"inLanguage":"de"},{"@type":"Organization","@id":"https:\/\/kosmetik-badwaldsee.de\/#organization","name":"Kosmetik Bad Waldsee","url":"https:\/\/kosmetik-badwaldsee.de\/","logo":{"@type":"ImageObject","inLanguage":"de","@id":"https:\/\/kosmetik-badwaldsee.de\/#\/schema\/logo\/image\/","url":"https:\/\/kosmetik-badwaldsee.de\/wp-content\/uploads\/2020\/04\/Amica_Bittel_2c.jpg","contentUrl":"https:\/\/kosmetik-badwaldsee.de\/wp-content\/uploads\/2020\/04\/Amica_Bittel_2c.jpg","width":1392,"height":630,"caption":"Kosmetik Bad Waldsee"},"image":{"@id":"https:\/\/kosmetik-badwaldsee.de\/#\/schema\/logo\/image\/"}}]}},"_links":{"self":[{"href":"https:\/\/kosmetik-badwaldsee.de\/index.php?rest_route=\/wp\/v2\/pages\/56"}],"collection":[{"href":"https:\/\/kosmetik-badwaldsee.de\/index.php?rest_route=\/wp\/v2\/pages"}],"about":[{"href":"https:\/\/kosmetik-badwaldsee.de\/index.php?rest_route=\/wp\/v2\/types\/page"}],"author":[{"embeddable":true,"href":"https:\/\/kosmetik-badwaldsee.de\/index.php?rest_route=\/wp\/v2\/users\/1"}],"replies":[{"embeddable":true,"href":"https:\/\/kosmetik-badwaldsee.de\/index.php?rest_route=%2Fwp%2Fv2%2Fcomments&post=56"}],"version-history":[{"count":10,"href":"https:\/\/kosmetik-badwaldsee.de\/index.php?rest_route=\/wp\/v2\/pages\/56\/revisions"}],"predecessor-version":[{"id":571,"href":"https:\/\/kosmetik-badwaldsee.de\/index.php?rest_route=\/wp\/v2\/pages\/56\/revisions\/571"}],"wp:featuredmedia":[{"embeddable":true,"href":"https:\/\/kosmetik-badwaldsee.de\/index.php?rest_route=\/wp\/v2\/media\/25"}],"wp:attachment":[{"href":"https:\/\/kosmetik-badwaldsee.de\/index.php?rest_route=%2Fwp%2Fv2%2Fmedia&parent=56"}],"curies":[{"name":"wp","href":"https:\/\/api.w.org\/{rel}","templated":true}]}}