{"id":62,"date":"2020-04-13T07:35:15","date_gmt":"2020-04-13T07:35:15","guid":{"rendered":"http:\/\/amica.kosmetik-badwaldsee.de\/?page_id=62"},"modified":"2025-12-02T12:32:09","modified_gmt":"2025-12-02T12:32:09","slug":"herrenpflege","status":"publish","type":"page","link":"https:\/\/kosmetik-badwaldsee.de\/?page_id=62","title":{"rendered":"Herrenpflege"},"content":{"rendered":"\n<p id=\"block-477a896d-a5ba-4df6-abec-d8bfb8d96dce\">Sie suchen Kosmetik f\u00fcr Herren in Bad Waldsee? Alle Behandlungen aus unserem Beauty Programm werden speziell auf die Anforderungen der m\u00e4nnlichen Haut ausgerichtet.<\/p>\n\n\n\n<p id=\"block-c0d8c2ef-877a-49f3-aa5b-6ca31ce88177\">Wir beraten Sie gerne zu Ihrem individuellen Pflegebedarf!<\/p>\n\n\n\n<h3 id=\"block-2ca344af-62d0-42c3-80fb-fedf05337eea\"><strong>Man Power<\/strong><\/h3>\n\n\n\n<p id=\"block-635ae1df-af43-4b68-801a-83c2dbcd1799\">Unkompliziert und effektiv.&nbsp;Reinigung, Hautanalyse, Peeling, Vapozon Bedampfung, Ausreinigen, entspannende Gesichts- und Nackenmassage, individuelle Abschlusspflege<br>55 Wohlf\u00fchlminuten \u2013 65\u20ac<\/p>\n\n\n\n<h3 id=\"block-88e44d94-2864-41d5-98bf-a82295cf2118\"><strong>Man Relax<\/strong><\/h3>\n\n\n\n<p>Entspannend und revitalisierend. <\/p>\n\n\n\n<p>Reinigung, Hautanalyse, Peeling, Ausreinigen, entspannende Gesichtsmassage, Gesichtsmaske, individuelle Abschlusspflege. <\/p>\n\n\n\n<p>Buchen Sie auch unsere&nbsp;<a href=\"https:\/\/kosmetik-badwaldsee.de\/?page_id=77\">Extras<\/a>&nbsp;zu den Behandlungen \u2013 auch f\u00fcr Herrenhaut die optimale Erg\u00e4nzung!&nbsp;<\/p>\n\n\n\n<p>Und nicht vergessen: Auch f\u00fcr Herren geh\u00f6ren gepflegte&nbsp;<a href=\"https:\/\/kosmetik-badwaldsee.de\/?page_id=150\">H\u00e4nde und F\u00fc\u00dfe<\/a>&nbsp;zum perfekten ersten Eindruck!<\/p>\n","protected":false},"excerpt":{"rendered":"<p>Sie suchen Kosmetik f\u00fcr Herren in Bad Waldsee? Alle Behandlungen aus unserem Beauty Programm werden speziell auf die Anforderungen der m\u00e4nnlichen Haut ausgerichtet. Wir beraten Sie gerne zu Ihrem individuellen Pflegebedarf! Man Power Unkompliziert und effektiv.&nbsp;Reinigung, Hautanalyse, Peeling, Vapozon Bedampfung, Ausreinigen, entspannende Gesichts- und Nackenmassage, individuelle Abschlusspflege55 Wohlf\u00fchlminuten \u2013 65\u20ac Man Relax Entspannend und revitalisierend. [&hellip;]<\/p>\n","protected":false},"author":1,"featured_media":454,"parent":0,"menu_order":0,"comment_status":"closed","ping_status":"closed","template":"","meta":{"_mi_skip_tracking":false},"yoast_head":"<!-- This site is optimized with the Yoast SEO plugin v20.1 - https:\/\/yoast.com\/wordpress\/plugins\/seo\/ -->\n<title>Herren Kosmetik Bad Waldsee - Kosmetik Bad Waldsee<\/title>\n<meta name=\"description\" content=\"Auch Herrenhaut hat besonderen Pflegebedarf - lernen Sie unser spezielles Beauty Programm kennen und genie\u00dfen Sie glatte Haut und eine tolle Ausstrahlung!\" \/>\n<meta name=\"robots\" content=\"index, follow, max-snippet:-1, max-image-preview:large, max-video-preview:-1\" \/>\n<link rel=\"canonical\" href=\"https:\/\/kosmetik-badwaldsee.de\/?page_id=62\" \/>\n<meta property=\"og:locale\" content=\"de_DE\" \/>\n<meta property=\"og:type\" content=\"article\" \/>\n<meta property=\"og:title\" content=\"Herren Kosmetik Bad Waldsee - Kosmetik Bad Waldsee\" \/>\n<meta property=\"og:description\" content=\"Auch Herrenhaut hat besonderen Pflegebedarf - lernen Sie unser spezielles Beauty Programm kennen und genie\u00dfen Sie glatte Haut und eine tolle Ausstrahlung!\" \/>\n<meta property=\"og:url\" content=\"https:\/\/kosmetik-badwaldsee.de\/?page_id=62\" \/>\n<meta property=\"og:site_name\" content=\"Kosmetik Bad Waldsee\" \/>\n<meta property=\"article:modified_time\" content=\"2025-12-02T12:32:09+00:00\" \/>\n<meta property=\"og:image\" content=\"https:\/\/kosmetik-badwaldsee.de\/wp-content\/uploads\/2022\/08\/Fotolia_136403540_S.jpg\" \/>\n\t<meta property=\"og:image:width\" content=\"849\" \/>\n\t<meta property=\"og:image:height\" content=\"566\" \/>\n\t<meta property=\"og:image:type\" content=\"image\/jpeg\" \/>\n<meta name=\"twitter:card\" content=\"summary_large_image\" \/>\n<meta name=\"twitter:label1\" content=\"Gesch\u00e4tzte Lesezeit\" \/>\n\t<meta name=\"twitter:data1\" content=\"1\u00a0Minute\" \/>\n<script type=\"application\/ld+json\" class=\"yoast-schema-graph\">{\"@context\":\"https:\/\/schema.org\",\"@graph\":[{\"@type\":\"WebPage\",\"@id\":\"https:\/\/kosmetik-badwaldsee.de\/?page_id=62\",\"url\":\"https:\/\/kosmetik-badwaldsee.de\/?page_id=62\",\"name\":\"Herren Kosmetik Bad Waldsee - Kosmetik Bad Waldsee\",\"isPartOf\":{\"@id\":\"https:\/\/kosmetik-badwaldsee.de\/#website\"},\"datePublished\":\"2020-04-13T07:35:15+00:00\",\"dateModified\":\"2025-12-02T12:32:09+00:00\",\"description\":\"Auch Herrenhaut hat besonderen Pflegebedarf - lernen Sie unser spezielles Beauty Programm kennen und genie\u00dfen Sie glatte Haut und eine tolle Ausstrahlung!\",\"breadcrumb\":{\"@id\":\"https:\/\/kosmetik-badwaldsee.de\/?page_id=62#breadcrumb\"},\"inLanguage\":\"de\",\"potentialAction\":[{\"@type\":\"ReadAction\",\"target\":[\"https:\/\/kosmetik-badwaldsee.de\/?page_id=62\"]}]},{\"@type\":\"BreadcrumbList\",\"@id\":\"https:\/\/kosmetik-badwaldsee.de\/?page_id=62#breadcrumb\",\"itemListElement\":[{\"@type\":\"ListItem\",\"position\":1,\"name\":\"Startseite\",\"item\":\"https:\/\/kosmetik-badwaldsee.de\/\"},{\"@type\":\"ListItem\",\"position\":2,\"name\":\"Herrenpflege\"}]},{\"@type\":\"WebSite\",\"@id\":\"https:\/\/kosmetik-badwaldsee.de\/#website\",\"url\":\"https:\/\/kosmetik-badwaldsee.de\/\",\"name\":\"Kosmetik Bad Waldsee\",\"description\":\"\",\"publisher\":{\"@id\":\"https:\/\/kosmetik-badwaldsee.de\/#organization\"},\"potentialAction\":[{\"@type\":\"SearchAction\",\"target\":{\"@type\":\"EntryPoint\",\"urlTemplate\":\"https:\/\/kosmetik-badwaldsee.de\/?s={search_term_string}\"},\"query-input\":\"required name=search_term_string\"}],\"inLanguage\":\"de\"},{\"@type\":\"Organization\",\"@id\":\"https:\/\/kosmetik-badwaldsee.de\/#organization\",\"name\":\"Kosmetik Bad Waldsee\",\"url\":\"https:\/\/kosmetik-badwaldsee.de\/\",\"logo\":{\"@type\":\"ImageObject\",\"inLanguage\":\"de\",\"@id\":\"https:\/\/kosmetik-badwaldsee.de\/#\/schema\/logo\/image\/\",\"url\":\"https:\/\/kosmetik-badwaldsee.de\/wp-content\/uploads\/2020\/04\/Amica_Bittel_2c.jpg\",\"contentUrl\":\"https:\/\/kosmetik-badwaldsee.de\/wp-content\/uploads\/2020\/04\/Amica_Bittel_2c.jpg\",\"width\":1392,\"height\":630,\"caption\":\"Kosmetik Bad Waldsee\"},\"image\":{\"@id\":\"https:\/\/kosmetik-badwaldsee.de\/#\/schema\/logo\/image\/\"}}]}<\/script>\n<!-- \/ Yoast SEO plugin. -->","yoast_head_json":{"title":"Herren Kosmetik Bad Waldsee - Kosmetik Bad Waldsee","description":"Auch Herrenhaut hat besonderen Pflegebedarf - lernen Sie unser spezielles Beauty Programm kennen und genie\u00dfen Sie glatte Haut und eine tolle Ausstrahlung!","robots":{"index":"index","follow":"follow","max-snippet":"max-snippet:-1","max-image-preview":"max-image-preview:large","max-video-preview":"max-video-preview:-1"},"canonical":"https:\/\/kosmetik-badwaldsee.de\/?page_id=62","og_locale":"de_DE","og_type":"article","og_title":"Herren Kosmetik Bad Waldsee - Kosmetik Bad Waldsee","og_description":"Auch Herrenhaut hat besonderen Pflegebedarf - lernen Sie unser spezielles Beauty Programm kennen und genie\u00dfen Sie glatte Haut und eine tolle Ausstrahlung!","og_url":"https:\/\/kosmetik-badwaldsee.de\/?page_id=62","og_site_name":"Kosmetik Bad Waldsee","article_modified_time":"2025-12-02T12:32:09+00:00","og_image":[{"width":849,"height":566,"url":"https:\/\/kosmetik-badwaldsee.de\/wp-content\/uploads\/2022\/08\/Fotolia_136403540_S.jpg","type":"image\/jpeg"}],"twitter_card":"summary_large_image","twitter_misc":{"Gesch\u00e4tzte Lesezeit":"1\u00a0Minute"},"schema":{"@context":"https:\/\/schema.org","@graph":[{"@type":"WebPage","@id":"https:\/\/kosmetik-badwaldsee.de\/?page_id=62","url":"https:\/\/kosmetik-badwaldsee.de\/?page_id=62","name":"Herren Kosmetik Bad Waldsee - Kosmetik Bad Waldsee","isPartOf":{"@id":"https:\/\/kosmetik-badwaldsee.de\/#website"},"datePublished":"2020-04-13T07:35:15+00:00","dateModified":"2025-12-02T12:32:09+00:00","description":"Auch Herrenhaut hat besonderen Pflegebedarf - lernen Sie unser spezielles Beauty Programm kennen und genie\u00dfen Sie glatte Haut und eine tolle Ausstrahlung!","breadcrumb":{"@id":"https:\/\/kosmetik-badwaldsee.de\/?page_id=62#breadcrumb"},"inLanguage":"de","potentialAction":[{"@type":"ReadAction","target":["https:\/\/kosmetik-badwaldsee.de\/?page_id=62"]}]},{"@type":"BreadcrumbList","@id":"https:\/\/kosmetik-badwaldsee.de\/?page_id=62#breadcrumb","itemListElement":[{"@type":"ListItem","position":1,"name":"Startseite","item":"https:\/\/kosmetik-badwaldsee.de\/"},{"@type":"ListItem","position":2,"name":"Herrenpflege"}]},{"@type":"WebSite","@id":"https:\/\/kosmetik-badwaldsee.de\/#website","url":"https:\/\/kosmetik-badwaldsee.de\/","name":"Kosmetik Bad Waldsee","description":"","publisher":{"@id":"https:\/\/kosmetik-badwaldsee.de\/#organization"},"potentialAction":[{"@type":"SearchAction","target":{"@type":"EntryPoint","urlTemplate":"https:\/\/kosmetik-badwaldsee.de\/?s={search_term_string}"},"query-input":"required name=search_term_string"}],"inLanguage":"de"},{"@type":"Organization","@id":"https:\/\/kosmetik-badwaldsee.de\/#organization","name":"Kosmetik Bad Waldsee","url":"https:\/\/kosmetik-badwaldsee.de\/","logo":{"@type":"ImageObject","inLanguage":"de","@id":"https:\/\/kosmetik-badwaldsee.de\/#\/schema\/logo\/image\/","url":"https:\/\/kosmetik-badwaldsee.de\/wp-content\/uploads\/2020\/04\/Amica_Bittel_2c.jpg","contentUrl":"https:\/\/kosmetik-badwaldsee.de\/wp-content\/uploads\/2020\/04\/Amica_Bittel_2c.jpg","width":1392,"height":630,"caption":"Kosmetik Bad Waldsee"},"image":{"@id":"https:\/\/kosmetik-badwaldsee.de\/#\/schema\/logo\/image\/"}}]}},"_links":{"self":[{"href":"https:\/\/kosmetik-badwaldsee.de\/index.php?rest_route=\/wp\/v2\/pages\/62"}],"collection":[{"href":"https:\/\/kosmetik-badwaldsee.de\/index.php?rest_route=\/wp\/v2\/pages"}],"about":[{"href":"https:\/\/kosmetik-badwaldsee.de\/index.php?rest_route=\/wp\/v2\/types\/page"}],"author":[{"embeddable":true,"href":"https:\/\/kosmetik-badwaldsee.de\/index.php?rest_route=\/wp\/v2\/users\/1"}],"replies":[{"embeddable":true,"href":"https:\/\/kosmetik-badwaldsee.de\/index.php?rest_route=%2Fwp%2Fv2%2Fcomments&post=62"}],"version-history":[{"count":4,"href":"https:\/\/kosmetik-badwaldsee.de\/index.php?rest_route=\/wp\/v2\/pages\/62\/revisions"}],"predecessor-version":[{"id":692,"href":"https:\/\/kosmetik-badwaldsee.de\/index.php?rest_route=\/wp\/v2\/pages\/62\/revisions\/692"}],"wp:featuredmedia":[{"embeddable":true,"href":"https:\/\/kosmetik-badwaldsee.de\/index.php?rest_route=\/wp\/v2\/media\/454"}],"wp:attachment":[{"href":"https:\/\/kosmetik-badwaldsee.de\/index.php?rest_route=%2Fwp%2Fv2%2Fmedia&parent=62"}],"curies":[{"name":"wp","href":"https:\/\/api.w.org\/{rel}","templated":true}]}}