{"id":64,"date":"2020-04-13T07:40:27","date_gmt":"2020-04-13T07:40:27","guid":{"rendered":"http:\/\/amica.kosmetik-badwaldsee.de\/?page_id=64"},"modified":"2022-04-13T13:58:34","modified_gmt":"2022-04-13T13:58:34","slug":"make-up","status":"publish","type":"page","link":"https:\/\/kosmetik-badwaldsee.de\/?page_id=64","title":{"rendered":"Make-up"},"content":{"rendered":"\n<p>Make-up gibt uns Selbstbewusstsein, gibt einem Outfit den letzten Schliff oder passt sich dem Anlass an. Tutorials auf YouTube, neue Marken verschiedener Make-up Artisten oder neue Stars und Influencer rund um faszinierende Techniken, den eigenen Look zu ver\u00e4ndern sind heute omnipr\u00e4sent. Aber wissen Sie wirklich, wie es geht?<\/p>\n\n\n\n<p>Lassen Sie sich von unseren Experten beraten, welcher Look f\u00fcr Sie der richtige ist oder seien Sie mit einem&nbsp;<a href=\"http:\/\/beta.kosmetik-leutkirch.com\/?page_id=96\">Make-up vom Profi<\/a>&nbsp;f\u00fcr den besonderen Anlass sicher, perfekt auszusehen. Selbstverst\u00e4ndlich bieten wir auch den besonderen Service f\u00fcr&nbsp;<a href=\"http:\/\/beta.kosmetik-leutkirch.com\/?page_id=96\">Hochzeits-Make-ups.<\/a><\/p>\n\n\n\n<p>Wenn Sie lieber selbst zum Profi werden m\u00f6chten: belegen Sie einen unserer&nbsp;<a href=\"http:\/\/beta.kosmetik-leutkirch.com\/?page_id=94\">Schminkkurse<\/a>&nbsp;und lassen Sie sich individuell beraten oder genie\u00dfen Sie einen Make-up Abend mit Freundinnen.<\/p>\n\n\n\n<p><\/p>\n","protected":false},"excerpt":{"rendered":"<p>Make-up gibt uns Selbstbewusstsein, gibt einem Outfit den letzten Schliff oder passt sich dem Anlass an. Tutorials auf YouTube, neue Marken verschiedener Make-up Artisten oder neue Stars und Influencer rund um faszinierende Techniken, den eigenen Look zu ver\u00e4ndern sind heute omnipr\u00e4sent. Aber wissen Sie wirklich, wie es geht? Lassen Sie sich von unseren Experten beraten, [&hellip;]<\/p>\n","protected":false},"author":1,"featured_media":143,"parent":0,"menu_order":0,"comment_status":"closed","ping_status":"closed","template":"","meta":{"_mi_skip_tracking":false},"yoast_head":"<!-- This site is optimized with the Yoast SEO plugin v20.1 - https:\/\/yoast.com\/wordpress\/plugins\/seo\/ -->\n<title>Make-up Bad Waldsee - Unsere Visagisten zeigen Ihnen Ihr sch\u00f6nstes Ich<\/title>\n<meta name=\"description\" content=\"Profi Make-up Bad Waldsee - Beauty Profis schminken Sie f\u00fcr besondere Anl\u00e4sse oder helfen Ihnen, selbst Ihr sch\u00f6nstes Ich zum Vorschein zu bringen.\" \/>\n<meta name=\"robots\" content=\"index, follow, max-snippet:-1, max-image-preview:large, max-video-preview:-1\" \/>\n<link rel=\"canonical\" href=\"https:\/\/kosmetik-badwaldsee.de\/?page_id=64\" \/>\n<meta property=\"og:locale\" content=\"de_DE\" \/>\n<meta property=\"og:type\" content=\"article\" \/>\n<meta property=\"og:title\" content=\"Make-up Bad Waldsee - Unsere Visagisten zeigen Ihnen Ihr sch\u00f6nstes Ich\" \/>\n<meta property=\"og:description\" content=\"Profi Make-up Bad Waldsee - Beauty Profis schminken Sie f\u00fcr besondere Anl\u00e4sse oder helfen Ihnen, selbst Ihr sch\u00f6nstes Ich zum Vorschein zu bringen.\" \/>\n<meta property=\"og:url\" content=\"https:\/\/kosmetik-badwaldsee.de\/?page_id=64\" \/>\n<meta property=\"og:site_name\" content=\"Kosmetik Bad Waldsee\" \/>\n<meta property=\"article:modified_time\" content=\"2022-04-13T13:58:34+00:00\" \/>\n<meta property=\"og:image\" content=\"https:\/\/kosmetik-badwaldsee.de\/wp-content\/uploads\/2020\/04\/Fotolia_127870980_XL-1024x682.jpg\" \/>\n\t<meta property=\"og:image:width\" content=\"1024\" \/>\n\t<meta property=\"og:image:height\" content=\"682\" \/>\n\t<meta property=\"og:image:type\" content=\"image\/jpeg\" \/>\n<meta name=\"twitter:card\" content=\"summary_large_image\" \/>\n<meta name=\"twitter:label1\" content=\"Gesch\u00e4tzte Lesezeit\" \/>\n\t<meta name=\"twitter:data1\" content=\"1\u00a0Minute\" \/>\n<script type=\"application\/ld+json\" class=\"yoast-schema-graph\">{\"@context\":\"https:\/\/schema.org\",\"@graph\":[{\"@type\":\"WebPage\",\"@id\":\"https:\/\/kosmetik-badwaldsee.de\/?page_id=64\",\"url\":\"https:\/\/kosmetik-badwaldsee.de\/?page_id=64\",\"name\":\"Make-up Bad Waldsee - Unsere Visagisten zeigen Ihnen Ihr sch\u00f6nstes Ich\",\"isPartOf\":{\"@id\":\"https:\/\/kosmetik-badwaldsee.de\/#website\"},\"datePublished\":\"2020-04-13T07:40:27+00:00\",\"dateModified\":\"2022-04-13T13:58:34+00:00\",\"description\":\"Profi Make-up Bad Waldsee - Beauty Profis schminken Sie f\u00fcr besondere Anl\u00e4sse oder helfen Ihnen, selbst Ihr sch\u00f6nstes Ich zum Vorschein zu bringen.\",\"breadcrumb\":{\"@id\":\"https:\/\/kosmetik-badwaldsee.de\/?page_id=64#breadcrumb\"},\"inLanguage\":\"de\",\"potentialAction\":[{\"@type\":\"ReadAction\",\"target\":[\"https:\/\/kosmetik-badwaldsee.de\/?page_id=64\"]}]},{\"@type\":\"BreadcrumbList\",\"@id\":\"https:\/\/kosmetik-badwaldsee.de\/?page_id=64#breadcrumb\",\"itemListElement\":[{\"@type\":\"ListItem\",\"position\":1,\"name\":\"Startseite\",\"item\":\"https:\/\/kosmetik-badwaldsee.de\/\"},{\"@type\":\"ListItem\",\"position\":2,\"name\":\"Make-up\"}]},{\"@type\":\"WebSite\",\"@id\":\"https:\/\/kosmetik-badwaldsee.de\/#website\",\"url\":\"https:\/\/kosmetik-badwaldsee.de\/\",\"name\":\"Kosmetik Bad Waldsee\",\"description\":\"\",\"publisher\":{\"@id\":\"https:\/\/kosmetik-badwaldsee.de\/#organization\"},\"potentialAction\":[{\"@type\":\"SearchAction\",\"target\":{\"@type\":\"EntryPoint\",\"urlTemplate\":\"https:\/\/kosmetik-badwaldsee.de\/?s={search_term_string}\"},\"query-input\":\"required name=search_term_string\"}],\"inLanguage\":\"de\"},{\"@type\":\"Organization\",\"@id\":\"https:\/\/kosmetik-badwaldsee.de\/#organization\",\"name\":\"Kosmetik Bad Waldsee\",\"url\":\"https:\/\/kosmetik-badwaldsee.de\/\",\"logo\":{\"@type\":\"ImageObject\",\"inLanguage\":\"de\",\"@id\":\"https:\/\/kosmetik-badwaldsee.de\/#\/schema\/logo\/image\/\",\"url\":\"https:\/\/kosmetik-badwaldsee.de\/wp-content\/uploads\/2020\/04\/Amica_Bittel_2c.jpg\",\"contentUrl\":\"https:\/\/kosmetik-badwaldsee.de\/wp-content\/uploads\/2020\/04\/Amica_Bittel_2c.jpg\",\"width\":1392,\"height\":630,\"caption\":\"Kosmetik Bad Waldsee\"},\"image\":{\"@id\":\"https:\/\/kosmetik-badwaldsee.de\/#\/schema\/logo\/image\/\"}}]}<\/script>\n<!-- \/ Yoast SEO plugin. -->","yoast_head_json":{"title":"Make-up Bad Waldsee - Unsere Visagisten zeigen Ihnen Ihr sch\u00f6nstes Ich","description":"Profi Make-up Bad Waldsee - Beauty Profis schminken Sie f\u00fcr besondere Anl\u00e4sse oder helfen Ihnen, selbst Ihr sch\u00f6nstes Ich zum Vorschein zu bringen.","robots":{"index":"index","follow":"follow","max-snippet":"max-snippet:-1","max-image-preview":"max-image-preview:large","max-video-preview":"max-video-preview:-1"},"canonical":"https:\/\/kosmetik-badwaldsee.de\/?page_id=64","og_locale":"de_DE","og_type":"article","og_title":"Make-up Bad Waldsee - Unsere Visagisten zeigen Ihnen Ihr sch\u00f6nstes Ich","og_description":"Profi Make-up Bad Waldsee - Beauty Profis schminken Sie f\u00fcr besondere Anl\u00e4sse oder helfen Ihnen, selbst Ihr sch\u00f6nstes Ich zum Vorschein zu bringen.","og_url":"https:\/\/kosmetik-badwaldsee.de\/?page_id=64","og_site_name":"Kosmetik Bad Waldsee","article_modified_time":"2022-04-13T13:58:34+00:00","og_image":[{"width":1024,"height":682,"url":"https:\/\/kosmetik-badwaldsee.de\/wp-content\/uploads\/2020\/04\/Fotolia_127870980_XL-1024x682.jpg","type":"image\/jpeg"}],"twitter_card":"summary_large_image","twitter_misc":{"Gesch\u00e4tzte Lesezeit":"1\u00a0Minute"},"schema":{"@context":"https:\/\/schema.org","@graph":[{"@type":"WebPage","@id":"https:\/\/kosmetik-badwaldsee.de\/?page_id=64","url":"https:\/\/kosmetik-badwaldsee.de\/?page_id=64","name":"Make-up Bad Waldsee - Unsere Visagisten zeigen Ihnen Ihr sch\u00f6nstes Ich","isPartOf":{"@id":"https:\/\/kosmetik-badwaldsee.de\/#website"},"datePublished":"2020-04-13T07:40:27+00:00","dateModified":"2022-04-13T13:58:34+00:00","description":"Profi Make-up Bad Waldsee - Beauty Profis schminken Sie f\u00fcr besondere Anl\u00e4sse oder helfen Ihnen, selbst Ihr sch\u00f6nstes Ich zum Vorschein zu bringen.","breadcrumb":{"@id":"https:\/\/kosmetik-badwaldsee.de\/?page_id=64#breadcrumb"},"inLanguage":"de","potentialAction":[{"@type":"ReadAction","target":["https:\/\/kosmetik-badwaldsee.de\/?page_id=64"]}]},{"@type":"BreadcrumbList","@id":"https:\/\/kosmetik-badwaldsee.de\/?page_id=64#breadcrumb","itemListElement":[{"@type":"ListItem","position":1,"name":"Startseite","item":"https:\/\/kosmetik-badwaldsee.de\/"},{"@type":"ListItem","position":2,"name":"Make-up"}]},{"@type":"WebSite","@id":"https:\/\/kosmetik-badwaldsee.de\/#website","url":"https:\/\/kosmetik-badwaldsee.de\/","name":"Kosmetik Bad Waldsee","description":"","publisher":{"@id":"https:\/\/kosmetik-badwaldsee.de\/#organization"},"potentialAction":[{"@type":"SearchAction","target":{"@type":"EntryPoint","urlTemplate":"https:\/\/kosmetik-badwaldsee.de\/?s={search_term_string}"},"query-input":"required name=search_term_string"}],"inLanguage":"de"},{"@type":"Organization","@id":"https:\/\/kosmetik-badwaldsee.de\/#organization","name":"Kosmetik Bad Waldsee","url":"https:\/\/kosmetik-badwaldsee.de\/","logo":{"@type":"ImageObject","inLanguage":"de","@id":"https:\/\/kosmetik-badwaldsee.de\/#\/schema\/logo\/image\/","url":"https:\/\/kosmetik-badwaldsee.de\/wp-content\/uploads\/2020\/04\/Amica_Bittel_2c.jpg","contentUrl":"https:\/\/kosmetik-badwaldsee.de\/wp-content\/uploads\/2020\/04\/Amica_Bittel_2c.jpg","width":1392,"height":630,"caption":"Kosmetik Bad Waldsee"},"image":{"@id":"https:\/\/kosmetik-badwaldsee.de\/#\/schema\/logo\/image\/"}}]}},"_links":{"self":[{"href":"https:\/\/kosmetik-badwaldsee.de\/index.php?rest_route=\/wp\/v2\/pages\/64"}],"collection":[{"href":"https:\/\/kosmetik-badwaldsee.de\/index.php?rest_route=\/wp\/v2\/pages"}],"about":[{"href":"https:\/\/kosmetik-badwaldsee.de\/index.php?rest_route=\/wp\/v2\/types\/page"}],"author":[{"embeddable":true,"href":"https:\/\/kosmetik-badwaldsee.de\/index.php?rest_route=\/wp\/v2\/users\/1"}],"replies":[{"embeddable":true,"href":"https:\/\/kosmetik-badwaldsee.de\/index.php?rest_route=%2Fwp%2Fv2%2Fcomments&post=64"}],"version-history":[{"count":3,"href":"https:\/\/kosmetik-badwaldsee.de\/index.php?rest_route=\/wp\/v2\/pages\/64\/revisions"}],"predecessor-version":[{"id":415,"href":"https:\/\/kosmetik-badwaldsee.de\/index.php?rest_route=\/wp\/v2\/pages\/64\/revisions\/415"}],"wp:featuredmedia":[{"embeddable":true,"href":"https:\/\/kosmetik-badwaldsee.de\/index.php?rest_route=\/wp\/v2\/media\/143"}],"wp:attachment":[{"href":"https:\/\/kosmetik-badwaldsee.de\/index.php?rest_route=%2Fwp%2Fv2%2Fmedia&parent=64"}],"curies":[{"name":"wp","href":"https:\/\/api.w.org\/{rel}","templated":true}]}}