{"id":84,"date":"2020-04-13T08:19:56","date_gmt":"2020-04-13T08:19:56","guid":{"rendered":"http:\/\/amica.kosmetik-badwaldsee.de\/?page_id=84"},"modified":"2025-12-02T12:32:59","modified_gmt":"2025-12-02T12:32:59","slug":"extra-schoene-augen","status":"publish","type":"page","link":"https:\/\/kosmetik-badwaldsee.de\/?page_id=84","title":{"rendered":"Extra: Sch\u00f6ne Augen"},"content":{"rendered":"\n<p>Zu jeder Behandlung k\u00f6nnen Sie folgende Extras f\u00fcr Sch\u00f6ne Augenblicke buchen:&nbsp;<\/p>\n\n\n\n<figure class=\"wp-block-table\"><table><tbody><tr><td>Anwendung<br><br><br>Brauen zupfen \/ neu formen<\/td><td>Preis innerhalb&nbsp;<br>\/ au\u00dferhalb der Behandlung<br><br>15\u20ac<\/td><\/tr><tr><td><br>Brauen f\u00e4rben<\/td><td><br>15\u20ac<\/td><\/tr><tr><td>Brauen Lifting (inkl. F\u00e4rben und Zupfen)<\/td><td>65\u20ac<\/td><\/tr><tr><td><br>Wimpern f\u00e4rben<\/td><td><br>15\u20ac<\/td><\/tr><tr><td><br>Wimpernlifting (mit Hyaluron inkl. F\u00e4rben und Serum)<\/td><td><br>69\u20ac<\/td><\/tr><tr><td>Paketpreise:<br>Brauen zupfen &amp; f\u00e4rben und Wimpern f\u00e4rben<\/td><td>37\u20ac<\/td><\/tr><tr><td>Lifting Augenbrauen und Wimpern<\/td><td>115\u20ac<\/td><\/tr><\/tbody><\/table><\/figure>\n","protected":false},"excerpt":{"rendered":"<p>Zu jeder Behandlung k\u00f6nnen Sie folgende Extras f\u00fcr Sch\u00f6ne Augenblicke buchen:&nbsp; Anwendung Brauen zupfen \/ neu formen Preis innerhalb&nbsp;\/ au\u00dferhalb der Behandlung 15\u20ac Brauen f\u00e4rben 15\u20ac Brauen Lifting (inkl. F\u00e4rben und Zupfen) 65\u20ac Wimpern f\u00e4rben 15\u20ac Wimpernlifting (mit Hyaluron inkl. F\u00e4rben und Serum) 69\u20ac Paketpreise:Brauen zupfen &amp; f\u00e4rben und Wimpern f\u00e4rben 37\u20ac Lifting Augenbrauen und [&hellip;]<\/p>\n","protected":false},"author":1,"featured_media":143,"parent":56,"menu_order":0,"comment_status":"closed","ping_status":"closed","template":"","meta":{"_mi_skip_tracking":false},"yoast_head":"<!-- This site is optimized with the Yoast SEO plugin v20.1 - https:\/\/yoast.com\/wordpress\/plugins\/seo\/ -->\n<title>Extra: Sch\u00f6ne Augen - Kosmetik Bad Waldsee<\/title>\n<meta name=\"robots\" content=\"index, follow, max-snippet:-1, max-image-preview:large, max-video-preview:-1\" \/>\n<link rel=\"canonical\" href=\"https:\/\/kosmetik-badwaldsee.de\/?page_id=84\" \/>\n<meta property=\"og:locale\" content=\"de_DE\" \/>\n<meta property=\"og:type\" content=\"article\" \/>\n<meta property=\"og:title\" content=\"Extra: Sch\u00f6ne Augen - Kosmetik Bad Waldsee\" \/>\n<meta property=\"og:description\" content=\"Zu jeder Behandlung k\u00f6nnen Sie folgende Extras f\u00fcr Sch\u00f6ne Augenblicke buchen:&nbsp; Anwendung Brauen zupfen \/ neu formen Preis innerhalb&nbsp;\/ au\u00dferhalb der Behandlung 15\u20ac Brauen f\u00e4rben 15\u20ac Brauen Lifting (inkl. F\u00e4rben und Zupfen) 65\u20ac Wimpern f\u00e4rben 15\u20ac Wimpernlifting (mit Hyaluron inkl. F\u00e4rben und Serum) 69\u20ac Paketpreise:Brauen zupfen &amp; f\u00e4rben und Wimpern f\u00e4rben 37\u20ac Lifting Augenbrauen und [&hellip;]\" \/>\n<meta property=\"og:url\" content=\"https:\/\/kosmetik-badwaldsee.de\/?page_id=84\" \/>\n<meta property=\"og:site_name\" content=\"Kosmetik Bad Waldsee\" \/>\n<meta property=\"article:modified_time\" content=\"2025-12-02T12:32:59+00:00\" \/>\n<meta property=\"og:image\" content=\"https:\/\/kosmetik-badwaldsee.de\/wp-content\/uploads\/2020\/04\/Fotolia_127870980_XL-1024x682.jpg\" \/>\n\t<meta property=\"og:image:width\" content=\"1024\" \/>\n\t<meta property=\"og:image:height\" content=\"682\" \/>\n\t<meta property=\"og:image:type\" content=\"image\/jpeg\" \/>\n<meta name=\"twitter:card\" content=\"summary_large_image\" \/>\n<meta name=\"twitter:label1\" content=\"Gesch\u00e4tzte Lesezeit\" \/>\n\t<meta name=\"twitter:data1\" content=\"1\u00a0Minute\" \/>\n<script type=\"application\/ld+json\" class=\"yoast-schema-graph\">{\"@context\":\"https:\/\/schema.org\",\"@graph\":[{\"@type\":\"WebPage\",\"@id\":\"https:\/\/kosmetik-badwaldsee.de\/?page_id=84\",\"url\":\"https:\/\/kosmetik-badwaldsee.de\/?page_id=84\",\"name\":\"Extra: Sch\u00f6ne Augen - Kosmetik Bad Waldsee\",\"isPartOf\":{\"@id\":\"https:\/\/kosmetik-badwaldsee.de\/#website\"},\"datePublished\":\"2020-04-13T08:19:56+00:00\",\"dateModified\":\"2025-12-02T12:32:59+00:00\",\"breadcrumb\":{\"@id\":\"https:\/\/kosmetik-badwaldsee.de\/?page_id=84#breadcrumb\"},\"inLanguage\":\"de\",\"potentialAction\":[{\"@type\":\"ReadAction\",\"target\":[\"https:\/\/kosmetik-badwaldsee.de\/?page_id=84\"]}]},{\"@type\":\"BreadcrumbList\",\"@id\":\"https:\/\/kosmetik-badwaldsee.de\/?page_id=84#breadcrumb\",\"itemListElement\":[{\"@type\":\"ListItem\",\"position\":1,\"name\":\"Startseite\",\"item\":\"https:\/\/kosmetik-badwaldsee.de\/\"},{\"@type\":\"ListItem\",\"position\":2,\"name\":\"Gesichtspflege und Kosmetik Bad Waldsee\",\"item\":\"https:\/\/kosmetik-badwaldsee.de\/?page_id=56\"},{\"@type\":\"ListItem\",\"position\":3,\"name\":\"Extra: Sch\u00f6ne Augen\"}]},{\"@type\":\"WebSite\",\"@id\":\"https:\/\/kosmetik-badwaldsee.de\/#website\",\"url\":\"https:\/\/kosmetik-badwaldsee.de\/\",\"name\":\"Kosmetik Bad Waldsee\",\"description\":\"\",\"publisher\":{\"@id\":\"https:\/\/kosmetik-badwaldsee.de\/#organization\"},\"potentialAction\":[{\"@type\":\"SearchAction\",\"target\":{\"@type\":\"EntryPoint\",\"urlTemplate\":\"https:\/\/kosmetik-badwaldsee.de\/?s={search_term_string}\"},\"query-input\":\"required name=search_term_string\"}],\"inLanguage\":\"de\"},{\"@type\":\"Organization\",\"@id\":\"https:\/\/kosmetik-badwaldsee.de\/#organization\",\"name\":\"Kosmetik Bad Waldsee\",\"url\":\"https:\/\/kosmetik-badwaldsee.de\/\",\"logo\":{\"@type\":\"ImageObject\",\"inLanguage\":\"de\",\"@id\":\"https:\/\/kosmetik-badwaldsee.de\/#\/schema\/logo\/image\/\",\"url\":\"https:\/\/kosmetik-badwaldsee.de\/wp-content\/uploads\/2020\/04\/Amica_Bittel_2c.jpg\",\"contentUrl\":\"https:\/\/kosmetik-badwaldsee.de\/wp-content\/uploads\/2020\/04\/Amica_Bittel_2c.jpg\",\"width\":1392,\"height\":630,\"caption\":\"Kosmetik Bad Waldsee\"},\"image\":{\"@id\":\"https:\/\/kosmetik-badwaldsee.de\/#\/schema\/logo\/image\/\"}}]}<\/script>\n<!-- \/ Yoast SEO plugin. -->","yoast_head_json":{"title":"Extra: Sch\u00f6ne Augen - Kosmetik Bad Waldsee","robots":{"index":"index","follow":"follow","max-snippet":"max-snippet:-1","max-image-preview":"max-image-preview:large","max-video-preview":"max-video-preview:-1"},"canonical":"https:\/\/kosmetik-badwaldsee.de\/?page_id=84","og_locale":"de_DE","og_type":"article","og_title":"Extra: Sch\u00f6ne Augen - Kosmetik Bad Waldsee","og_description":"Zu jeder Behandlung k\u00f6nnen Sie folgende Extras f\u00fcr Sch\u00f6ne Augenblicke buchen:&nbsp; Anwendung Brauen zupfen \/ neu formen Preis innerhalb&nbsp;\/ au\u00dferhalb der Behandlung 15\u20ac Brauen f\u00e4rben 15\u20ac Brauen Lifting (inkl. F\u00e4rben und Zupfen) 65\u20ac Wimpern f\u00e4rben 15\u20ac Wimpernlifting (mit Hyaluron inkl. F\u00e4rben und Serum) 69\u20ac Paketpreise:Brauen zupfen &amp; f\u00e4rben und Wimpern f\u00e4rben 37\u20ac Lifting Augenbrauen und [&hellip;]","og_url":"https:\/\/kosmetik-badwaldsee.de\/?page_id=84","og_site_name":"Kosmetik Bad Waldsee","article_modified_time":"2025-12-02T12:32:59+00:00","og_image":[{"width":1024,"height":682,"url":"https:\/\/kosmetik-badwaldsee.de\/wp-content\/uploads\/2020\/04\/Fotolia_127870980_XL-1024x682.jpg","type":"image\/jpeg"}],"twitter_card":"summary_large_image","twitter_misc":{"Gesch\u00e4tzte Lesezeit":"1\u00a0Minute"},"schema":{"@context":"https:\/\/schema.org","@graph":[{"@type":"WebPage","@id":"https:\/\/kosmetik-badwaldsee.de\/?page_id=84","url":"https:\/\/kosmetik-badwaldsee.de\/?page_id=84","name":"Extra: Sch\u00f6ne Augen - Kosmetik Bad Waldsee","isPartOf":{"@id":"https:\/\/kosmetik-badwaldsee.de\/#website"},"datePublished":"2020-04-13T08:19:56+00:00","dateModified":"2025-12-02T12:32:59+00:00","breadcrumb":{"@id":"https:\/\/kosmetik-badwaldsee.de\/?page_id=84#breadcrumb"},"inLanguage":"de","potentialAction":[{"@type":"ReadAction","target":["https:\/\/kosmetik-badwaldsee.de\/?page_id=84"]}]},{"@type":"BreadcrumbList","@id":"https:\/\/kosmetik-badwaldsee.de\/?page_id=84#breadcrumb","itemListElement":[{"@type":"ListItem","position":1,"name":"Startseite","item":"https:\/\/kosmetik-badwaldsee.de\/"},{"@type":"ListItem","position":2,"name":"Gesichtspflege und Kosmetik Bad Waldsee","item":"https:\/\/kosmetik-badwaldsee.de\/?page_id=56"},{"@type":"ListItem","position":3,"name":"Extra: Sch\u00f6ne Augen"}]},{"@type":"WebSite","@id":"https:\/\/kosmetik-badwaldsee.de\/#website","url":"https:\/\/kosmetik-badwaldsee.de\/","name":"Kosmetik Bad Waldsee","description":"","publisher":{"@id":"https:\/\/kosmetik-badwaldsee.de\/#organization"},"potentialAction":[{"@type":"SearchAction","target":{"@type":"EntryPoint","urlTemplate":"https:\/\/kosmetik-badwaldsee.de\/?s={search_term_string}"},"query-input":"required name=search_term_string"}],"inLanguage":"de"},{"@type":"Organization","@id":"https:\/\/kosmetik-badwaldsee.de\/#organization","name":"Kosmetik Bad Waldsee","url":"https:\/\/kosmetik-badwaldsee.de\/","logo":{"@type":"ImageObject","inLanguage":"de","@id":"https:\/\/kosmetik-badwaldsee.de\/#\/schema\/logo\/image\/","url":"https:\/\/kosmetik-badwaldsee.de\/wp-content\/uploads\/2020\/04\/Amica_Bittel_2c.jpg","contentUrl":"https:\/\/kosmetik-badwaldsee.de\/wp-content\/uploads\/2020\/04\/Amica_Bittel_2c.jpg","width":1392,"height":630,"caption":"Kosmetik Bad Waldsee"},"image":{"@id":"https:\/\/kosmetik-badwaldsee.de\/#\/schema\/logo\/image\/"}}]}},"_links":{"self":[{"href":"https:\/\/kosmetik-badwaldsee.de\/index.php?rest_route=\/wp\/v2\/pages\/84"}],"collection":[{"href":"https:\/\/kosmetik-badwaldsee.de\/index.php?rest_route=\/wp\/v2\/pages"}],"about":[{"href":"https:\/\/kosmetik-badwaldsee.de\/index.php?rest_route=\/wp\/v2\/types\/page"}],"author":[{"embeddable":true,"href":"https:\/\/kosmetik-badwaldsee.de\/index.php?rest_route=\/wp\/v2\/users\/1"}],"replies":[{"embeddable":true,"href":"https:\/\/kosmetik-badwaldsee.de\/index.php?rest_route=%2Fwp%2Fv2%2Fcomments&post=84"}],"version-history":[{"count":5,"href":"https:\/\/kosmetik-badwaldsee.de\/index.php?rest_route=\/wp\/v2\/pages\/84\/revisions"}],"predecessor-version":[{"id":693,"href":"https:\/\/kosmetik-badwaldsee.de\/index.php?rest_route=\/wp\/v2\/pages\/84\/revisions\/693"}],"up":[{"embeddable":true,"href":"https:\/\/kosmetik-badwaldsee.de\/index.php?rest_route=\/wp\/v2\/pages\/56"}],"wp:featuredmedia":[{"embeddable":true,"href":"https:\/\/kosmetik-badwaldsee.de\/index.php?rest_route=\/wp\/v2\/media\/143"}],"wp:attachment":[{"href":"https:\/\/kosmetik-badwaldsee.de\/index.php?rest_route=%2Fwp%2Fv2%2Fmedia&parent=84"}],"curies":[{"name":"wp","href":"https:\/\/api.w.org\/{rel}","templated":true}]}}