{"id":88,"date":"2020-04-13T08:21:33","date_gmt":"2020-04-13T08:21:33","guid":{"rendered":"http:\/\/amica.kosmetik-badwaldsee.de\/?page_id=88"},"modified":"2025-12-03T06:56:55","modified_gmt":"2025-12-03T06:56:55","slug":"relax-behandlung","status":"publish","type":"page","link":"https:\/\/kosmetik-badwaldsee.de\/?page_id=88","title":{"rendered":"Relax Behandlung"},"content":{"rendered":"\n<p>Intensivbehandlung f\u00fcr vollkommene Entspannung.<\/p>\n\n\n\n<p>Reinigung, Hautanalyse, Peeling, Ausreinigen, speziell abgestimmte Wirkstoffampulle, Augenbrauenkorrektur, Entspannungsmassage und Gesichtsmaske, individuelle Abschlusspflege. <\/p>\n\n\n\n<p>M\u00f6glich mit den Marken<br>Annemarie B\u00f6rlind, Bioeffect, Retipalm, Shiseido, erborian, Juvena, Clarins<\/p>\n\n\n\n<p>85 Verw\u00f6hnminuten &#8211; 105\u20ac&nbsp;<\/p>\n\n\n\n<p>Mit den Marken Sensai oder Filorga +15\u20ac\u00a0<\/p>\n\n\n\n<p><\/p>\n","protected":false},"excerpt":{"rendered":"<p>Intensivbehandlung f\u00fcr vollkommene Entspannung. Reinigung, Hautanalyse, Peeling, Ausreinigen, speziell abgestimmte Wirkstoffampulle, Augenbrauenkorrektur, Entspannungsmassage und Gesichtsmaske, individuelle Abschlusspflege. M\u00f6glich mit den MarkenAnnemarie B\u00f6rlind, Bioeffect, Retipalm, Shiseido, erborian, Juvena, Clarins 85 Verw\u00f6hnminuten &#8211; 105\u20ac&nbsp; Mit den Marken Sensai oder Filorga +15\u20ac\u00a0<\/p>\n","protected":false},"author":1,"featured_media":28,"parent":56,"menu_order":0,"comment_status":"closed","ping_status":"closed","template":"","meta":{"_mi_skip_tracking":false},"yoast_head":"<!-- This site is optimized with the Yoast SEO plugin v20.1 - https:\/\/yoast.com\/wordpress\/plugins\/seo\/ -->\n<title>Relax Behandlung - Kosmetik Bad Waldsee<\/title>\n<meta name=\"robots\" content=\"index, follow, max-snippet:-1, max-image-preview:large, max-video-preview:-1\" \/>\n<link rel=\"canonical\" href=\"https:\/\/kosmetik-badwaldsee.de\/?page_id=88\" \/>\n<meta property=\"og:locale\" content=\"de_DE\" \/>\n<meta property=\"og:type\" content=\"article\" \/>\n<meta property=\"og:title\" content=\"Relax Behandlung - Kosmetik Bad Waldsee\" \/>\n<meta property=\"og:description\" content=\"Intensivbehandlung f\u00fcr vollkommene Entspannung. Reinigung, Hautanalyse, Peeling, Ausreinigen, speziell abgestimmte Wirkstoffampulle, Augenbrauenkorrektur, Entspannungsmassage und Gesichtsmaske, individuelle Abschlusspflege. M\u00f6glich mit den MarkenAnnemarie B\u00f6rlind, Bioeffect, Retipalm, Shiseido, erborian, Juvena, Clarins 85 Verw\u00f6hnminuten &#8211; 105\u20ac&nbsp; Mit den Marken Sensai oder Filorga +15\u20ac\u00a0\" \/>\n<meta property=\"og:url\" content=\"https:\/\/kosmetik-badwaldsee.de\/?page_id=88\" \/>\n<meta property=\"og:site_name\" content=\"Kosmetik Bad Waldsee\" \/>\n<meta property=\"article:modified_time\" content=\"2025-12-03T06:56:55+00:00\" \/>\n<meta property=\"og:image\" content=\"https:\/\/kosmetik-badwaldsee.de\/wp-content\/uploads\/2020\/04\/Fotolia_139378924_M.jpg\" \/>\n\t<meta property=\"og:image:width\" content=\"1688\" \/>\n\t<meta property=\"og:image:height\" content=\"1125\" \/>\n\t<meta property=\"og:image:type\" content=\"image\/jpeg\" \/>\n<meta name=\"twitter:card\" content=\"summary_large_image\" \/>\n<script type=\"application\/ld+json\" class=\"yoast-schema-graph\">{\"@context\":\"https:\/\/schema.org\",\"@graph\":[{\"@type\":\"WebPage\",\"@id\":\"https:\/\/kosmetik-badwaldsee.de\/?page_id=88\",\"url\":\"https:\/\/kosmetik-badwaldsee.de\/?page_id=88\",\"name\":\"Relax Behandlung - Kosmetik Bad Waldsee\",\"isPartOf\":{\"@id\":\"https:\/\/kosmetik-badwaldsee.de\/#website\"},\"datePublished\":\"2020-04-13T08:21:33+00:00\",\"dateModified\":\"2025-12-03T06:56:55+00:00\",\"breadcrumb\":{\"@id\":\"https:\/\/kosmetik-badwaldsee.de\/?page_id=88#breadcrumb\"},\"inLanguage\":\"de\",\"potentialAction\":[{\"@type\":\"ReadAction\",\"target\":[\"https:\/\/kosmetik-badwaldsee.de\/?page_id=88\"]}]},{\"@type\":\"BreadcrumbList\",\"@id\":\"https:\/\/kosmetik-badwaldsee.de\/?page_id=88#breadcrumb\",\"itemListElement\":[{\"@type\":\"ListItem\",\"position\":1,\"name\":\"Startseite\",\"item\":\"https:\/\/kosmetik-badwaldsee.de\/\"},{\"@type\":\"ListItem\",\"position\":2,\"name\":\"Gesichtspflege und Kosmetik Bad Waldsee\",\"item\":\"https:\/\/kosmetik-badwaldsee.de\/?page_id=56\"},{\"@type\":\"ListItem\",\"position\":3,\"name\":\"Relax Behandlung\"}]},{\"@type\":\"WebSite\",\"@id\":\"https:\/\/kosmetik-badwaldsee.de\/#website\",\"url\":\"https:\/\/kosmetik-badwaldsee.de\/\",\"name\":\"Kosmetik Bad Waldsee\",\"description\":\"\",\"publisher\":{\"@id\":\"https:\/\/kosmetik-badwaldsee.de\/#organization\"},\"potentialAction\":[{\"@type\":\"SearchAction\",\"target\":{\"@type\":\"EntryPoint\",\"urlTemplate\":\"https:\/\/kosmetik-badwaldsee.de\/?s={search_term_string}\"},\"query-input\":\"required name=search_term_string\"}],\"inLanguage\":\"de\"},{\"@type\":\"Organization\",\"@id\":\"https:\/\/kosmetik-badwaldsee.de\/#organization\",\"name\":\"Kosmetik Bad Waldsee\",\"url\":\"https:\/\/kosmetik-badwaldsee.de\/\",\"logo\":{\"@type\":\"ImageObject\",\"inLanguage\":\"de\",\"@id\":\"https:\/\/kosmetik-badwaldsee.de\/#\/schema\/logo\/image\/\",\"url\":\"https:\/\/kosmetik-badwaldsee.de\/wp-content\/uploads\/2020\/04\/Amica_Bittel_2c.jpg\",\"contentUrl\":\"https:\/\/kosmetik-badwaldsee.de\/wp-content\/uploads\/2020\/04\/Amica_Bittel_2c.jpg\",\"width\":1392,\"height\":630,\"caption\":\"Kosmetik Bad Waldsee\"},\"image\":{\"@id\":\"https:\/\/kosmetik-badwaldsee.de\/#\/schema\/logo\/image\/\"}}]}<\/script>\n<!-- \/ Yoast SEO plugin. -->","yoast_head_json":{"title":"Relax Behandlung - Kosmetik Bad Waldsee","robots":{"index":"index","follow":"follow","max-snippet":"max-snippet:-1","max-image-preview":"max-image-preview:large","max-video-preview":"max-video-preview:-1"},"canonical":"https:\/\/kosmetik-badwaldsee.de\/?page_id=88","og_locale":"de_DE","og_type":"article","og_title":"Relax Behandlung - Kosmetik Bad Waldsee","og_description":"Intensivbehandlung f\u00fcr vollkommene Entspannung. Reinigung, Hautanalyse, Peeling, Ausreinigen, speziell abgestimmte Wirkstoffampulle, Augenbrauenkorrektur, Entspannungsmassage und Gesichtsmaske, individuelle Abschlusspflege. M\u00f6glich mit den MarkenAnnemarie B\u00f6rlind, Bioeffect, Retipalm, Shiseido, erborian, Juvena, Clarins 85 Verw\u00f6hnminuten &#8211; 105\u20ac&nbsp; Mit den Marken Sensai oder Filorga +15\u20ac\u00a0","og_url":"https:\/\/kosmetik-badwaldsee.de\/?page_id=88","og_site_name":"Kosmetik Bad Waldsee","article_modified_time":"2025-12-03T06:56:55+00:00","og_image":[{"width":1688,"height":1125,"url":"https:\/\/kosmetik-badwaldsee.de\/wp-content\/uploads\/2020\/04\/Fotolia_139378924_M.jpg","type":"image\/jpeg"}],"twitter_card":"summary_large_image","schema":{"@context":"https:\/\/schema.org","@graph":[{"@type":"WebPage","@id":"https:\/\/kosmetik-badwaldsee.de\/?page_id=88","url":"https:\/\/kosmetik-badwaldsee.de\/?page_id=88","name":"Relax Behandlung - Kosmetik Bad Waldsee","isPartOf":{"@id":"https:\/\/kosmetik-badwaldsee.de\/#website"},"datePublished":"2020-04-13T08:21:33+00:00","dateModified":"2025-12-03T06:56:55+00:00","breadcrumb":{"@id":"https:\/\/kosmetik-badwaldsee.de\/?page_id=88#breadcrumb"},"inLanguage":"de","potentialAction":[{"@type":"ReadAction","target":["https:\/\/kosmetik-badwaldsee.de\/?page_id=88"]}]},{"@type":"BreadcrumbList","@id":"https:\/\/kosmetik-badwaldsee.de\/?page_id=88#breadcrumb","itemListElement":[{"@type":"ListItem","position":1,"name":"Startseite","item":"https:\/\/kosmetik-badwaldsee.de\/"},{"@type":"ListItem","position":2,"name":"Gesichtspflege und Kosmetik Bad Waldsee","item":"https:\/\/kosmetik-badwaldsee.de\/?page_id=56"},{"@type":"ListItem","position":3,"name":"Relax Behandlung"}]},{"@type":"WebSite","@id":"https:\/\/kosmetik-badwaldsee.de\/#website","url":"https:\/\/kosmetik-badwaldsee.de\/","name":"Kosmetik Bad Waldsee","description":"","publisher":{"@id":"https:\/\/kosmetik-badwaldsee.de\/#organization"},"potentialAction":[{"@type":"SearchAction","target":{"@type":"EntryPoint","urlTemplate":"https:\/\/kosmetik-badwaldsee.de\/?s={search_term_string}"},"query-input":"required name=search_term_string"}],"inLanguage":"de"},{"@type":"Organization","@id":"https:\/\/kosmetik-badwaldsee.de\/#organization","name":"Kosmetik Bad Waldsee","url":"https:\/\/kosmetik-badwaldsee.de\/","logo":{"@type":"ImageObject","inLanguage":"de","@id":"https:\/\/kosmetik-badwaldsee.de\/#\/schema\/logo\/image\/","url":"https:\/\/kosmetik-badwaldsee.de\/wp-content\/uploads\/2020\/04\/Amica_Bittel_2c.jpg","contentUrl":"https:\/\/kosmetik-badwaldsee.de\/wp-content\/uploads\/2020\/04\/Amica_Bittel_2c.jpg","width":1392,"height":630,"caption":"Kosmetik Bad Waldsee"},"image":{"@id":"https:\/\/kosmetik-badwaldsee.de\/#\/schema\/logo\/image\/"}}]}},"_links":{"self":[{"href":"https:\/\/kosmetik-badwaldsee.de\/index.php?rest_route=\/wp\/v2\/pages\/88"}],"collection":[{"href":"https:\/\/kosmetik-badwaldsee.de\/index.php?rest_route=\/wp\/v2\/pages"}],"about":[{"href":"https:\/\/kosmetik-badwaldsee.de\/index.php?rest_route=\/wp\/v2\/types\/page"}],"author":[{"embeddable":true,"href":"https:\/\/kosmetik-badwaldsee.de\/index.php?rest_route=\/wp\/v2\/users\/1"}],"replies":[{"embeddable":true,"href":"https:\/\/kosmetik-badwaldsee.de\/index.php?rest_route=%2Fwp%2Fv2%2Fcomments&post=88"}],"version-history":[{"count":7,"href":"https:\/\/kosmetik-badwaldsee.de\/index.php?rest_route=\/wp\/v2\/pages\/88\/revisions"}],"predecessor-version":[{"id":698,"href":"https:\/\/kosmetik-badwaldsee.de\/index.php?rest_route=\/wp\/v2\/pages\/88\/revisions\/698"}],"up":[{"embeddable":true,"href":"https:\/\/kosmetik-badwaldsee.de\/index.php?rest_route=\/wp\/v2\/pages\/56"}],"wp:featuredmedia":[{"embeddable":true,"href":"https:\/\/kosmetik-badwaldsee.de\/index.php?rest_route=\/wp\/v2\/media\/28"}],"wp:attachment":[{"href":"https:\/\/kosmetik-badwaldsee.de\/index.php?rest_route=%2Fwp%2Fv2%2Fmedia&parent=88"}],"curies":[{"name":"wp","href":"https:\/\/api.w.org\/{rel}","templated":true}]}}